{"id":1565,"date":"2024-01-12T08:51:15","date_gmt":"2024-01-12T07:51:15","guid":{"rendered":"https:\/\/piazzaforte.com\/kontakte\/"},"modified":"2024-04-17T16:16:37","modified_gmt":"2024-04-17T14:16:37","slug":"kontakte","status":"publish","type":"page","link":"https:\/\/piazzaforte.com\/de\/kontakte\/","title":{"rendered":"Kontakte"},"content":{"rendered":"\n<div class=\"row align-center\"  id=\"row-1465014818\">\n\n\n\t<div id=\"col-1251110031\" class=\"col medium-10 small-11 large-10\"  >\n\t\t\t\t<div class=\"col-inner\"  >\n\t\t\t\n\t\t\t\n\n<h1 style=\"text-align: center;\"><span data-text-color=\"primary\">Die vielen Seelen eines einzigartigen Gebiets<\/span><\/h1>\n<p style=\"text-align: center;\">Eine atemberaubende Kulisse ragt hinter uns hervor: die Dolomiten. Die Dolomiten, die nach dem franz\u00f6sischen Naturforscher benannt sind, der sie zuerst studierte, beeindrucken durch ihre Farbvielfalt: vom Gr\u00fcn der W\u00e4lder bis zu den tiefsten Nuancen ihrer Felsw\u00e4nde. Ganz zu schweigen davon, dass der besondere Stein, aus dem sie stammen, zusammen mit dem Sonnenlicht einen optischen Effekt namens \u201eEnrosadira\u201c erzeugt, der die hohen Gipfel in Nuancen taucht, die von zartem Rosa zu einem knalligen Orange oder einem intensiven Violett reichen.<\/p>\n\n\t\t<\/div>\n\t\t\t\t\n<style>\n#col-1251110031 > .col-inner {\n  padding: 50px 0px 0px 0px;\n}\n<\/style>\n\t<\/div>\n\n\t\n\n<\/div>\n\n\t<section class=\"section\" id=\"section_1092577908\">\n\t\t<div class=\"section-bg fill\" >\n\t\t\t\t\t\t\t\t\t\n\t\t\t\n\n\t\t<\/div>\n\n\t\t\n\n\t\t<div class=\"section-content relative\">\n\t\t\t\n\n<div class=\"row row-collapse row-full-width\"  id=\"row-1084756870\">\n\n\n\t<div id=\"col-1434755325\" class=\"col small-12 large-12\"  >\n\t\t\t\t<div class=\"col-inner text-center\"  >\n\t\t\t\n\t\t\t\n\n\n\n<iframe loading=\"lazy\" src=\"https:\/\/www.google.com\/maps\/d\/u\/1\/embed?mid=1KJKixo_JSB-RtECkco8QCJK5U2lrnMg&amp;ehbc=2E312F\" width=\"100%\" height=\"600\"><\/iframe>\n\n\n\t\t<\/div>\n\t\t\t\t\t<\/div>\n\n\t\n\n<\/div>\n\n\t\t<\/div>\n\n\t\t\n<style>\n#section_1092577908 {\n  padding-top: 0px;\n  padding-bottom: 0px;\n}\n<\/style>\n\t<\/section>\n\t\n\n\t<section class=\"section\" id=\"section_877338853\">\n\t\t<div class=\"section-bg fill\" >\n\t\t\t\t\t\t\t\t\t\n\t\t\t\n\n\t\t<\/div>\n\n\t\t\n\n\t\t<div class=\"section-content relative\">\n\t\t\t\n\n<div class=\"row row-collapse align-center\"  id=\"row-2029767296\">\n\n\n\t<div id=\"col-928297171\" class=\"col medium-7 small-10 large-7\"  >\n\t\t\t\t<div class=\"col-inner\"  >\n\t\t\t\n\t\t\t\n\n\t<div id=\"text-2574804692\" class=\"text\">\n\t\t\n\n<h1>M\u00f6chten Sie mehr erfahren?<\/h1>\n<p><span data-text-color=\"success\">Ben\u00f6tigen Sie Informationen? Kontaktieren Sie uns.<\/span><\/p>\n\t\t\n<style>\n#text-2574804692 {\n  text-align: center;\n  color: rgb(255, 255, 255);\n}\n#text-2574804692 > * {\n  color: rgb(255, 255, 255);\n}\n<\/style>\n\t<\/div>\n\t\n\n<div class=\"wpcf7 no-js\" id=\"wpcf7-f1583-o1\" lang=\"de-DE\" dir=\"ltr\" data-wpcf7-id=\"1583\">\n<div class=\"screen-reader-response\"><p role=\"status\" aria-live=\"polite\" aria-atomic=\"true\"><\/p> <ul><\/ul><\/div>\n<form action=\"\/de\/wp-json\/wp\/v2\/pages\/1565#wpcf7-f1583-o1\" method=\"post\" class=\"wpcf7-form init\" aria-label=\"Kontaktformular\" novalidate=\"novalidate\" data-status=\"init\">\n<fieldset class=\"hidden-fields-container\"><input type=\"hidden\" name=\"_wpcf7\" value=\"1583\" \/><input type=\"hidden\" name=\"_wpcf7_version\" value=\"6.1.5\" \/><input type=\"hidden\" name=\"_wpcf7_locale\" value=\"de_DE\" \/><input type=\"hidden\" name=\"_wpcf7_unit_tag\" value=\"wpcf7-f1583-o1\" \/><input type=\"hidden\" name=\"_wpcf7_container_post\" value=\"0\" \/><input type=\"hidden\" name=\"_wpcf7_posted_data_hash\" value=\"\" \/>\n<\/fieldset>\n<div class=\"form-flat\">\n\t<p><label> Name<br \/>\n<span class=\"wpcf7-form-control-wrap\" data-name=\"your-name\"><input size=\"40\" maxlength=\"400\" class=\"wpcf7-form-control wpcf7-text wpcf7-validates-as-required\" autocomplete=\"name\" aria-required=\"true\" aria-invalid=\"false\" value=\"\" type=\"text\" name=\"your-name\" \/><\/span> <\/label>\n\t<\/p>\n\t<p><label> E-Mail<br \/>\n<span class=\"wpcf7-form-control-wrap\" data-name=\"your-email\"><input size=\"40\" maxlength=\"400\" class=\"wpcf7-form-control wpcf7-email wpcf7-validates-as-required wpcf7-text wpcf7-validates-as-email\" autocomplete=\"email\" aria-required=\"true\" aria-invalid=\"false\" value=\"\" type=\"email\" name=\"your-email\" \/><\/span> <\/label>\n\t<\/p>\n\t<p><label> Telefon (nur wenn Sie per Telefon kontaktiert werden m\u00f6chten)<br \/>\n<span class=\"wpcf7-form-control-wrap\" data-name=\"tel-109\"><input size=\"40\" maxlength=\"400\" class=\"wpcf7-form-control wpcf7-tel wpcf7-text wpcf7-validates-as-tel\" aria-invalid=\"false\" value=\"\" type=\"tel\" name=\"tel-109\" \/><\/span><\/label>\n\t<\/p>\n\t<p><label> Anfrage<br \/>\n<span class=\"wpcf7-form-control-wrap\" data-name=\"your-message\"><textarea cols=\"40\" rows=\"10\" maxlength=\"2000\" class=\"wpcf7-form-control wpcf7-textarea\" aria-invalid=\"false\" name=\"your-message\">Hier k\u00f6nnen Sie fragen, was Sie wollen<\/textarea><\/span> <\/label>\n\t<\/p>\n\t<p class=\"text-small\"><span class=\"wpcf7-form-control-wrap\" data-name=\"acceptance-privacy\"><span class=\"wpcf7-form-control wpcf7-acceptance\"><span class=\"wpcf7-list-item\"><label><input type=\"checkbox\" name=\"acceptance-privacy\" value=\"1\" aria-invalid=\"false\" \/><span class=\"wpcf7-list-item-label\">Ich habe Ihre <a href=\"https:\/\/www.iubenda.com\/privacy-policy\/63112015\">Datenschutzbestimmungen<\/a> gelesen (obligatorisch)<\/span><\/label><\/span><\/span><\/span>\n\t<\/p>\n\t<p><input class=\"wpcf7-form-control wpcf7-submit has-spinner\" type=\"submit\" value=\"Senden\" \/>\n\t<\/p>\n<\/div><div class=\"wpcf7-response-output\" aria-hidden=\"true\"><\/div>\n<\/form>\n<\/div>\n\n\n\n\t\t<\/div>\n\t\t\t\t\t<\/div>\n\n\t\n\n<\/div>\n\n\t\t<\/div>\n\n\t\t\n<style>\n#section_877338853 {\n  padding-top: 60px;\n  padding-bottom: 60px;\n  min-height: 300px;\n  background-color: rgb(201, 167, 76);\n}\n<\/style>\n\t<\/section>\n\t\n\n","protected":false},"excerpt":{"rendered":"","protected":false},"author":1,"featured_media":0,"parent":0,"menu_order":0,"comment_status":"closed","ping_status":"closed","template":"page-blank.php","meta":{"footnotes":""},"class_list":["post-1565","page","type-page","status-publish","hentry"],"_links":{"self":[{"href":"https:\/\/piazzaforte.com\/de\/wp-json\/wp\/v2\/pages\/1565","targetHints":{"allow":["GET"]}}],"collection":[{"href":"https:\/\/piazzaforte.com\/de\/wp-json\/wp\/v2\/pages"}],"about":[{"href":"https:\/\/piazzaforte.com\/de\/wp-json\/wp\/v2\/types\/page"}],"author":[{"embeddable":true,"href":"https:\/\/piazzaforte.com\/de\/wp-json\/wp\/v2\/users\/1"}],"replies":[{"embeddable":true,"href":"https:\/\/piazzaforte.com\/de\/wp-json\/wp\/v2\/comments?post=1565"}],"version-history":[{"count":1,"href":"https:\/\/piazzaforte.com\/de\/wp-json\/wp\/v2\/pages\/1565\/revisions"}],"predecessor-version":[{"id":1566,"href":"https:\/\/piazzaforte.com\/de\/wp-json\/wp\/v2\/pages\/1565\/revisions\/1566"}],"wp:attachment":[{"href":"https:\/\/piazzaforte.com\/de\/wp-json\/wp\/v2\/media?parent=1565"}],"curies":[{"name":"wp","href":"https:\/\/api.w.org\/{rel}","templated":true}]}}