{"id":1553,"date":"2024-01-17T14:05:27","date_gmt":"2024-01-17T13:05:27","guid":{"rendered":"https:\/\/piazzaforte.com\/riccardo-alfare\/"},"modified":"2024-04-17T16:03:14","modified_gmt":"2024-04-17T14:03:14","slug":"riccardo-alfare","status":"publish","type":"page","link":"https:\/\/piazzaforte.com\/de\/riccardo-alfare\/","title":{"rendered":"Riccardo Alfar\u00e8"},"content":{"rendered":"\n\n\t<section class=\"section\" id=\"section_494273625\">\n\t\t<div class=\"section-bg fill\" >\n\t\t\t\t\t\t\t\t\t\n\t\t\t\n\n\t\t<\/div>\n\n\t\t\n\n\t\t<div class=\"section-content relative\">\n\t\t\t\n\n<div class=\"row align-center\"  id=\"row-1041102159\">\n\n\n\t<div id=\"col-1825065480\" class=\"col medium-10 small-11 large-10\"  >\n\t\t\t\t<div class=\"col-inner\"  >\n\t\t\t\n\t\t\t\n\n\t<div id=\"text-2404273334\" class=\"text\">\n\t\t\n\n<p> <\/p>\n<h5 class=\"uppercase\"><span data-text-color=\"success\">Riccardo Alfar\u00e8<\/span><\/h5>\n<h1><span data-text-color=\"primary\">Architektur und lokale Identit\u00e4t<\/span><\/h1>\n<p>Riccardo Alfar\u00e8, 1882 in Belluno geboren, absolvierte 1909 die Akademie der Sch\u00f6nen K\u00fcnste in Venedig und wurde 1925 offiziell Architekt. Seine Karriere zeichnet sich durch eine intensive Planungsaktivit\u00e4t in Belluno und in der Umgebung von Turin aus. In Belluno k\u00fcmmert er sich um die Gestaltung verschiedener Geb\u00e4ude von architektonischer Bedeutung, darunter die H\u00e4user Cargnel, das Haus Gaggia, der Palast Coletti, das Haus Martini-Valduga, die Garage Tonegutti-Bellotti, die Klinik Arrigoni, die Garage Bacchetti, die Villa Da Ronch und das Kino Italia. <\/p>\n\t\t\n<style>\n#text-2404273334 {\n  text-align: center;\n}\n<\/style>\n\t<\/div>\n\t\n\n\t\t<\/div>\n\t\t\t\t\t<\/div>\n\n\t\n\n<\/div>\n\n\t\t<\/div>\n\n\t\t\n<style>\n#section_494273625 {\n  padding-top: 30px;\n  padding-bottom: 30px;\n}\n<\/style>\n\t<\/section>\n\t\n\n\t<section class=\"section has-parallax\" id=\"section_1616890842\">\n\t\t<div class=\"section-bg fill\" data-parallax-container=\".section\" data-parallax-background data-parallax=\"-2\">\n\t\t\t<img loading=\"lazy\" decoding=\"async\" width=\"2400\" height=\"1271\" src=\"https:\/\/piazzaforte.com\/wp-content\/uploads\/2024\/01\/Rifacimento-studio-Castellani.jpg\" class=\"bg attachment-original size-original\" alt=\"\" \/>\t\t\t\t\t\t\n\t\t\t\n\n\t\t<\/div>\n\n\t\t\n\n\t\t<div class=\"section-content relative\">\n\t\t\t\n\n\t<div class=\"img has-hover x md-x lg-x y md-y lg-y\" id=\"image_548464892\">\n\t\t\t\t\t\t\t\t<div class=\"img-inner dark\" >\n\t\t\t<img loading=\"lazy\" decoding=\"async\" width=\"2400\" height=\"1271\" src=\"https:\/\/piazzaforte.com\/wp-content\/uploads\/2024\/01\/Rifacimento-studio-Castellani.jpg\" class=\"attachment-original size-original\" alt=\"\" srcset=\"https:\/\/piazzaforte.com\/wp-content\/uploads\/2024\/01\/Rifacimento-studio-Castellani.jpg 2400w, https:\/\/piazzaforte.com\/wp-content\/uploads\/2024\/01\/Rifacimento-studio-Castellani-300x159.jpg 300w, https:\/\/piazzaforte.com\/wp-content\/uploads\/2024\/01\/Rifacimento-studio-Castellani-1024x542.jpg 1024w, https:\/\/piazzaforte.com\/wp-content\/uploads\/2024\/01\/Rifacimento-studio-Castellani-768x407.jpg 768w, https:\/\/piazzaforte.com\/wp-content\/uploads\/2024\/01\/Rifacimento-studio-Castellani-1536x813.jpg 1536w, https:\/\/piazzaforte.com\/wp-content\/uploads\/2024\/01\/Rifacimento-studio-Castellani-2048x1085.jpg 2048w\" sizes=\"auto, (max-width: 2400px) 100vw, 2400px\" \/>\t\t\t\t\t\t\n\t\t\t\t\t\t\t<div class=\"caption\">Credits: archivio.comune.belluno.it<\/div>\n\t\t\t\t\t<\/div>\n\t\t\t\t\t\t\t\t\n<style>\n#image_548464892 {\n  width: 100%;\n}\n<\/style>\n\t<\/div>\n\t\n\n\n\t\t<\/div>\n\n\t\t\n<style>\n#section_1616890842 {\n  padding-top: 0px;\n  padding-bottom: 0px;\n  min-height: 200px;\n}\n<\/style>\n\t<\/section>\n\t\n\n\t<section class=\"section\" id=\"section_2024137155\">\n\t\t<div class=\"section-bg fill\" >\n\t\t\t\t\t\t\t\t\t\n\t\t\t\n\n\t\t<\/div>\n\n\t\t\n\n\t\t<div class=\"section-content relative\">\n\t\t\t\n\n<div class=\"row row-large align-middle align-center\"  id=\"row-1972212737\">\n\n\n\t<div id=\"col-1682160950\" class=\"col medium-5 small-10 large-5\"  >\n\t\t\t\t<div class=\"col-inner\"  >\n\t\t\t\n\t\t\t\n\n\t<div class=\"img has-hover x md-x lg-x y md-y lg-y\" id=\"image_801122132\">\n\t\t\t\t\t\t\t\t<div class=\"img-inner dark\" >\n\t\t\t<img loading=\"lazy\" decoding=\"async\" width=\"546\" height=\"546\" src=\"https:\/\/piazzaforte.com\/wp-content\/uploads\/2024\/01\/via-caffi.jpg\" class=\"attachment-large size-large\" alt=\"\" srcset=\"https:\/\/piazzaforte.com\/wp-content\/uploads\/2024\/01\/via-caffi.jpg 546w, https:\/\/piazzaforte.com\/wp-content\/uploads\/2024\/01\/via-caffi-300x300.jpg 300w, https:\/\/piazzaforte.com\/wp-content\/uploads\/2024\/01\/via-caffi-150x150.jpg 150w\" sizes=\"auto, (max-width: 546px) 100vw, 546px\" \/>\t\t\t\t\t\t\n\t\t\t\t\t\t\t<div class=\"caption\">Credits: archivio.comune.belluno.it<\/div>\n\t\t\t\t\t<\/div>\n\t\t\t\t\t\t\t\t\n<style>\n#image_801122132 {\n  width: 100%;\n}\n<\/style>\n\t<\/div>\n\t\n\n\n\t\t<\/div>\n\t\t\t\t\t<\/div>\n\n\t\n\n\t<div id=\"col-1553627870\" class=\"col medium-5 small-10 large-5\"  >\n\t\t\t\t<div class=\"col-inner text-left\"  >\n\t\t\t\n\t\t\t\n\n<h2>Seine stilistische Pr\u00e4gung charakterisiert besonders die Jugendstilgeb\u00e4ude in der Via Caffi, der Via Loreto und der Piazza Piloni. <\/h2>\n\n\t\t<\/div>\n\t\t\t\t\t<\/div>\n\n\t\n\n<\/div>\n\n\t\t<\/div>\n\n\t\t\n<style>\n#section_2024137155 {\n  padding-top: 60px;\n  padding-bottom: 60px;\n  background-color: rgb(201, 167, 76);\n}\n<\/style>\n\t<\/section>\n\t\n  <div class=\"banner-grid-wrapper\">\n  <div id=\"banner-grid-1616778237\" class=\"banner-grid row row-grid row-collapse row-full-width\" data-packery-options=\"\">\n                      \n\n<div class=\"col grid-col small-12 large-4 grid-col-1\" ><div class=\"col-inner\">\n\n\t<div class=\"img has-hover x md-x lg-x y md-y lg-y\" id=\"image_1086514000\">\n\t\t\t\t\t\t\t\t<div class=\"img-inner image-cover dark\" style=\"padding-top:100%;\">\n\t\t\t<img loading=\"lazy\" decoding=\"async\" width=\"768\" height=\"768\" src=\"https:\/\/piazzaforte.com\/wp-content\/uploads\/2024\/01\/Progetto-casa-Gaggia-768x768.jpg\" class=\"attachment-medium_large size-medium_large\" alt=\"\" srcset=\"https:\/\/piazzaforte.com\/wp-content\/uploads\/2024\/01\/Progetto-casa-Gaggia-768x768.jpg 768w, https:\/\/piazzaforte.com\/wp-content\/uploads\/2024\/01\/Progetto-casa-Gaggia-300x300.jpg 300w, https:\/\/piazzaforte.com\/wp-content\/uploads\/2024\/01\/Progetto-casa-Gaggia-150x150.jpg 150w, https:\/\/piazzaforte.com\/wp-content\/uploads\/2024\/01\/Progetto-casa-Gaggia.jpg 801w\" sizes=\"auto, (max-width: 768px) 100vw, 768px\" \/>\t\t\t\t\t\t\n\t\t\t\t\t\t\t<div class=\"caption\">Credits: archivio.comune.belluno.it<\/div>\n\t\t\t\t\t<\/div>\n\t\t\t\t\t\t\t\t\n<style>\n#image_1086514000 {\n  width: 100%;\n}\n@media (min-width:550px) {\n  #image_1086514000 {\n    width: 100%;\n  }\n}\n<\/style>\n\t<\/div>\n\t\n\n\n<\/div><\/div>\n<div class=\"col grid-col small-12 large-8 grid-col-1\" ><div class=\"col-inner\">\n\n\t<div class=\"img has-hover x md-x lg-x y md-y lg-y\" id=\"image_1088340703\">\n\t\t\t\t\t\t\t\t<div class=\"img-inner image-cover dark\" style=\"padding-top:50%;\">\n\t\t\t<img loading=\"lazy\" decoding=\"async\" width=\"1020\" height=\"510\" src=\"https:\/\/piazzaforte.com\/wp-content\/uploads\/2024\/01\/Decorazioni-ponte-della-Vittoria-1024x512.jpg\" class=\"attachment-large size-large\" alt=\"\" srcset=\"https:\/\/piazzaforte.com\/wp-content\/uploads\/2024\/01\/Decorazioni-ponte-della-Vittoria-1024x512.jpg 1024w, https:\/\/piazzaforte.com\/wp-content\/uploads\/2024\/01\/Decorazioni-ponte-della-Vittoria-300x150.jpg 300w, https:\/\/piazzaforte.com\/wp-content\/uploads\/2024\/01\/Decorazioni-ponte-della-Vittoria-768x384.jpg 768w, https:\/\/piazzaforte.com\/wp-content\/uploads\/2024\/01\/Decorazioni-ponte-della-Vittoria-1536x768.jpg 1536w, https:\/\/piazzaforte.com\/wp-content\/uploads\/2024\/01\/Decorazioni-ponte-della-Vittoria.jpg 1601w\" sizes=\"auto, (max-width: 1020px) 100vw, 1020px\" \/>\t\t\t\t\t\t\n\t\t\t\t\t\t\t<div class=\"caption\">Credits: archivio.comune.belluno.it<\/div>\n\t\t\t\t\t<\/div>\n\t\t\t\t\t\t\t\t\n<style>\n#image_1088340703 {\n  width: 100%;\n}\n<\/style>\n\t<\/div>\n\t\n\n\n<\/div><\/div>\n<div class=\"col grid-col small-12 large-4 grid-col-1\" ><div class=\"col-inner\">\n\n\t<div class=\"img has-hover x md-x lg-x y md-y lg-y\" id=\"image_1205814647\">\n\t\t\t\t\t\t\t\t<div class=\"img-inner dark\" >\n\t\t\t<img loading=\"lazy\" decoding=\"async\" width=\"768\" height=\"769\" src=\"https:\/\/piazzaforte.com\/wp-content\/uploads\/2024\/01\/casa-benetta-768x769.jpg\" class=\"attachment-medium_large size-medium_large\" alt=\"\" srcset=\"https:\/\/piazzaforte.com\/wp-content\/uploads\/2024\/01\/casa-benetta-768x769.jpg 768w, https:\/\/piazzaforte.com\/wp-content\/uploads\/2024\/01\/casa-benetta-300x300.jpg 300w, https:\/\/piazzaforte.com\/wp-content\/uploads\/2024\/01\/casa-benetta-150x150.jpg 150w, https:\/\/piazzaforte.com\/wp-content\/uploads\/2024\/01\/casa-benetta.jpg 800w\" sizes=\"auto, (max-width: 768px) 100vw, 768px\" \/>\t\t\t\t\t\t\n\t\t\t\t\t\t\t<div class=\"caption\">Credits: archivio.comune.belluno.it<\/div>\n\t\t\t\t\t<\/div>\n\t\t\t\t\t\t\t\t\n<style>\n#image_1205814647 {\n  width: 100%;\n}\n<\/style>\n\t<\/div>\n\t\n\n\n<\/div><\/div>\n<div class=\"col grid-col small-12 large-4 grid-col-1\" ><div class=\"col-inner\">\n\n\t<div class=\"img has-hover x md-x lg-x y md-y lg-y\" id=\"image_1005416470\">\n\t\t\t\t\t\t\t\t<div class=\"img-inner dark\" >\n\t\t\t<img loading=\"lazy\" decoding=\"async\" width=\"801\" height=\"801\" src=\"https:\/\/piazzaforte.com\/wp-content\/uploads\/2024\/01\/Palazzo-Coletti.jpg\" class=\"attachment-large size-large\" alt=\"\" srcset=\"https:\/\/piazzaforte.com\/wp-content\/uploads\/2024\/01\/Palazzo-Coletti.jpg 801w, https:\/\/piazzaforte.com\/wp-content\/uploads\/2024\/01\/Palazzo-Coletti-300x300.jpg 300w, https:\/\/piazzaforte.com\/wp-content\/uploads\/2024\/01\/Palazzo-Coletti-150x150.jpg 150w, https:\/\/piazzaforte.com\/wp-content\/uploads\/2024\/01\/Palazzo-Coletti-768x768.jpg 768w\" sizes=\"auto, (max-width: 801px) 100vw, 801px\" \/>\t\t\t\t\t\t\n\t\t\t\t\t\t\t<div class=\"caption\">Credits: archivio.comune.belluno.it<\/div>\n\t\t\t\t\t<\/div>\n\t\t\t\t\t\t\t\t\n<style>\n#image_1005416470 {\n  width: 100%;\n}\n<\/style>\n\t<\/div>\n\t\n\n\n<\/div><\/div>\n<div class=\"col grid-col small-12 large-4 grid-col-1\" ><div class=\"col-inner\">\n\n\n  <div class=\"banner has-hover\" id=\"banner-233104645\">\n          <div class=\"banner-inner fill\">\n        <div class=\"banner-bg fill\" >\n                                                \n                    <\/div>\n\t\t\n        <div class=\"banner-layers container\">\n            <div class=\"fill banner-link\"><\/div>            \n\n   <div id=\"text-box-139111189\" class=\"text-box banner-layer x10 md-x10 lg-x10 y5 md-y5 lg-y5 res-text\">\n                                <div class=\"text-box-content text \">\n              \n              <div class=\"text-inner text-left\">\n                  \n\n\t<div id=\"text-1515159335\" class=\"text\">\n\t\t\n\n<h2>Er arbeitet mit dem Ingenieur Eugenio Miozzi bei der Schaffung der Br\u00fccke Vittoria sul Piave zusammen und zeichnet sich als Stadtplaner aus. <\/h2>\n\t\t\n<style>\n#text-1515159335 {\n  font-size: 0.75rem;\n  text-align: left;\n}\n<\/style>\n\t<\/div>\n\t\n\n              <\/div>\n           <\/div>\n                            \n<style>\n#text-box-139111189 {\n  width: 83%;\n}\n#text-box-139111189 .text-box-content {\n  font-size: 100%;\n}\n@media (min-width:550px) {\n  #text-box-139111189 {\n    width: 74%;\n  }\n}\n<\/style>\n    <\/div>\n \n\n        <\/div>\n      <\/div>\n\n            \n<style>\n#banner-233104645 {\n  padding-top: 0px;\n  background-color: rgb(97, 194, 247);\n}\n<\/style>\n  <\/div>\n\n\n\n<\/div><\/div>\n\n            <\/div>\n    <style>\n    #banner-grid-1616778237 .grid-col-1{height: 600px}\n    #banner-grid-1616778237 .grid-col-1-2{height: 300px}\n    #banner-grid-1616778237 .grid-col-1-3{height:200px}\n    #banner-grid-1616778237 .grid-col-2-3{height: 400px}\n    #banner-grid-1616778237 .grid-col-1-4{height: 150px}\n    #banner-grid-1616778237 .grid-col-3-4{height: 450px}\n\n\n    \n    \n\n  <\/style>\n    <\/div>\n  \n\n\t<section class=\"section\" id=\"section_1949610778\">\n\t\t<div class=\"section-bg fill\" >\n\t\t\t\t\t\t\t\t\t\n\t\t\t\n\n\t\t<\/div>\n\n\t\t\n\n\t\t<div class=\"section-content relative\">\n\t\t\t\n\n<div class=\"row row-collapse row-full-width align-center\"  id=\"row-1464706258\">\n\n\n\t<div id=\"col-1447423748\" class=\"col medium-8 small-10 large-8\"  >\n\t\t\t\t<div class=\"col-inner\"  >\n\t\t\t\n\t\t\t\n\n\t<div id=\"text-1087101133\" class=\"text\">\n\t\t\n\n<p> <\/p>\n<p><span data-text-color=\"success\">Er stirbt 1969 im Altersheim von Belluno und hinterl\u00e4sst eine unausl\u00f6schliche Spur im st\u00e4dtischen und kulturellen Gef\u00fcge seiner Stadt.<\/span><\/p>\n\t\t\n<style>\n#text-1087101133 {\n  text-align: center;\n  color: rgb(255, 255, 255);\n}\n#text-1087101133 > * {\n  color: rgb(255, 255, 255);\n}\n<\/style>\n\t<\/div>\n\t\n\n\t\t<\/div>\n\t\t\t\t\n<style>\n#col-1447423748 > .col-inner {\n  margin: 50px 0px 50px 0px;\n}\n<\/style>\n\t<\/div>\n\n\t\n\n<\/div>\n\n\t\t<\/div>\n\n\t\t\n<style>\n#section_1949610778 {\n  padding-top: 30px;\n  padding-bottom: 30px;\n  background-color: rgb(201, 167, 76);\n}\n<\/style>\n\t<\/section>\n\t\n\n","protected":false},"excerpt":{"rendered":"","protected":false},"author":1,"featured_media":0,"parent":0,"menu_order":0,"comment_status":"closed","ping_status":"closed","template":"page-blank.php","meta":{"footnotes":""},"class_list":["post-1553","page","type-page","status-publish","hentry"],"_links":{"self":[{"href":"https:\/\/piazzaforte.com\/de\/wp-json\/wp\/v2\/pages\/1553","targetHints":{"allow":["GET"]}}],"collection":[{"href":"https:\/\/piazzaforte.com\/de\/wp-json\/wp\/v2\/pages"}],"about":[{"href":"https:\/\/piazzaforte.com\/de\/wp-json\/wp\/v2\/types\/page"}],"author":[{"embeddable":true,"href":"https:\/\/piazzaforte.com\/de\/wp-json\/wp\/v2\/users\/1"}],"replies":[{"embeddable":true,"href":"https:\/\/piazzaforte.com\/de\/wp-json\/wp\/v2\/comments?post=1553"}],"version-history":[{"count":2,"href":"https:\/\/piazzaforte.com\/de\/wp-json\/wp\/v2\/pages\/1553\/revisions"}],"predecessor-version":[{"id":1555,"href":"https:\/\/piazzaforte.com\/de\/wp-json\/wp\/v2\/pages\/1553\/revisions\/1555"}],"wp:attachment":[{"href":"https:\/\/piazzaforte.com\/de\/wp-json\/wp\/v2\/media?parent=1553"}],"curies":[{"name":"wp","href":"https:\/\/api.w.org\/{rel}","templated":true}]}}