{"id":1547,"date":"2024-01-17T14:01:56","date_gmt":"2024-01-17T13:01:56","guid":{"rendered":"https:\/\/piazzaforte.com\/schlosses-zumelle\/"},"modified":"2024-04-17T15:01:13","modified_gmt":"2024-04-17T13:01:13","slug":"schlosses-zumelle","status":"publish","type":"page","link":"https:\/\/piazzaforte.com\/de\/schlosses-zumelle\/","title":{"rendered":"Schlosses Zumelle"},"content":{"rendered":"\n\n\t<section class=\"section\" id=\"section_1682173239\">\n\t\t<div class=\"section-bg fill\" >\n\t\t\t\t\t\t\t\t\t\n\t\t\t\n\n\t\t<\/div>\n\n\t\t\n\n\t\t<div class=\"section-content relative\">\n\t\t\t\n\n<div class=\"row align-center\"  id=\"row-1783306088\">\n\n\n\t<div id=\"col-548246503\" class=\"col medium-10 small-11 large-10\"  >\n\t\t\t\t<div class=\"col-inner\"  >\n\t\t\t\n\t\t\t\n\n\t<div id=\"text-1206783811\" class=\"text\">\n\t\t\n\n<p> <\/p>\n<h5 class=\"uppercase\"><span data-text-color=\"success\">Schlosses Zumelle<\/span><\/h5>\n<h1><span data-text-color=\"primary\">Die Geheimnisse des Schlosses Zumelle<\/span><\/h1>\n<p>Das Schloss Zumelle, das auf einem H\u00fcgel mit Blick auf den Bach Terche errichtet wurde, bewahrt Spuren seiner Geschichte aus dem ersten Jahrhundert n. Chr. W\u00e4hrend der barbarischen Invasionen wurde es von den Goten neu gegr\u00fcndet und erweitert. Die Legende besagt, dass Genserico, der mit Eudosia geflohen war, sich in der Burg niederlie\u00df, in der Zwillinge geboren wurden. Daher der Name Zumelle. Das Schloss wurde 1311 von Rizzardo da Camino wieder aufgebaut und verfiel in Ruinen, wurde aber in den 60er Jahren restauriert. Der zentrale Kern, umgeben von einem Graben, hat einen 36 Meter hohen Turm. <\/p>\n\t\t\n<style>\n#text-1206783811 {\n  text-align: center;\n}\n<\/style>\n\t<\/div>\n\t\n\n\t\t<\/div>\n\t\t\t\t\t<\/div>\n\n\t\n\n<\/div>\n\n\t\t<\/div>\n\n\t\t\n<style>\n#section_1682173239 {\n  padding-top: 30px;\n  padding-bottom: 30px;\n}\n<\/style>\n\t<\/section>\n\t\n\n\t<section class=\"section\" id=\"section_2049345390\">\n\t\t<div class=\"section-bg fill\" >\n\t\t\t\t\t\t\t\t\t\n\t\t\t\n\n\t\t<\/div>\n\n\t\t\n\n\t\t<div class=\"section-content relative\">\n\t\t\t\n\n\t<div class=\"img has-hover x md-x lg-x y md-y lg-y\" id=\"image_400045296\">\n\t\t\t\t\t\t\t\t<div class=\"img-inner dark\" >\n\t\t\t<img loading=\"lazy\" decoding=\"async\" width=\"1020\" height=\"540\" src=\"https:\/\/piazzaforte.com\/wp-content\/uploads\/2024\/01\/Castello-Zumelle-3-1024x542.jpg\" class=\"attachment-large size-large\" alt=\"\" srcset=\"https:\/\/piazzaforte.com\/wp-content\/uploads\/2024\/01\/Castello-Zumelle-3-1024x542.jpg 1024w, https:\/\/piazzaforte.com\/wp-content\/uploads\/2024\/01\/Castello-Zumelle-3-300x159.jpg 300w, https:\/\/piazzaforte.com\/wp-content\/uploads\/2024\/01\/Castello-Zumelle-3-768x407.jpg 768w, https:\/\/piazzaforte.com\/wp-content\/uploads\/2024\/01\/Castello-Zumelle-3-1536x813.jpg 1536w, https:\/\/piazzaforte.com\/wp-content\/uploads\/2024\/01\/Castello-Zumelle-3-2048x1085.jpg 2048w\" sizes=\"auto, (max-width: 1020px) 100vw, 1020px\" \/>\t\t\t\t\t\t\n\t\t\t\t\t\t\t<div class=\"caption\">Credits: beniculturalionline.it<\/div>\n\t\t\t\t\t<\/div>\n\t\t\t\t\t\t\t\t\n<style>\n#image_400045296 {\n  width: 100%;\n}\n<\/style>\n\t<\/div>\n\t\n\n\n\t\t<\/div>\n\n\t\t\n<style>\n#section_2049345390 {\n  padding-top: 0px;\n  padding-bottom: 0px;\n  min-height: 200px;\n}\n<\/style>\n\t<\/section>\n\t\n\n\t<section class=\"section\" id=\"section_1825102124\">\n\t\t<div class=\"section-bg fill\" >\n\t\t\t\t\t\t\t\t\t\n\t\t\t\n\n\t\t<\/div>\n\n\t\t\n\n\t\t<div class=\"section-content relative\">\n\t\t\t\n\n<div class=\"row row-large align-middle align-center\"  id=\"row-195066872\">\n\n\n\t<div id=\"col-65190944\" class=\"col medium-5 small-10 large-5\"  >\n\t\t\t\t<div class=\"col-inner\"  >\n\t\t\t\n\t\t\t\n\n\t<div class=\"img has-hover x md-x lg-x y md-y lg-y\" id=\"image_1972263587\">\n\t\t\t\t\t\t\t\t<div class=\"img-inner dark\" >\n\t\t\t<img loading=\"lazy\" decoding=\"async\" width=\"546\" height=\"546\" src=\"https:\/\/piazzaforte.com\/wp-content\/uploads\/2024\/01\/Castello-Zumelle-salone.jpg\" class=\"attachment-large size-large\" alt=\"\" srcset=\"https:\/\/piazzaforte.com\/wp-content\/uploads\/2024\/01\/Castello-Zumelle-salone.jpg 546w, https:\/\/piazzaforte.com\/wp-content\/uploads\/2024\/01\/Castello-Zumelle-salone-300x300.jpg 300w, https:\/\/piazzaforte.com\/wp-content\/uploads\/2024\/01\/Castello-Zumelle-salone-150x150.jpg 150w\" sizes=\"auto, (max-width: 546px) 100vw, 546px\" \/>\t\t\t\t\t\t\n\t\t\t\t\t\t\t<div class=\"caption\">Credits: villevenetecastelli.com<\/div>\n\t\t\t\t\t<\/div>\n\t\t\t\t\t\t\t\t\n<style>\n#image_1972263587 {\n  width: 100%;\n}\n<\/style>\n\t<\/div>\n\t\n\n\n\t\t<\/div>\n\t\t\t\t\t<\/div>\n\n\t\n\n\t<div id=\"col-173740313\" class=\"col medium-5 small-10 large-5\"  >\n\t\t\t\t<div class=\"col-inner text-left\"  >\n\t\t\t\n\t\t\t\n\n<h2>Das Schloss beherbergt heute einen mittelalterlichen Themenpark mit einem wiederaufgebauten Dorf, Handwerksbetrieben und historischen Umgebungen wie dem Turmhaus, dem Skriptorium und der Kirche San Lorenzo. <\/h2>\n\n\t\t<\/div>\n\t\t\t\t\t<\/div>\n\n\t\n\n<\/div>\n\n\t\t<\/div>\n\n\t\t\n<style>\n#section_1825102124 {\n  padding-top: 60px;\n  padding-bottom: 60px;\n  background-color: rgb(201, 167, 76);\n}\n<\/style>\n\t<\/section>\n\t\n  <div class=\"banner-grid-wrapper\">\n  <div id=\"banner-grid-1161810467\" class=\"banner-grid row row-grid row-collapse row-full-width\" data-packery-options=\"\">\n                      \n\n<div class=\"col grid-col small-12 large-4 grid-col-1\" ><div class=\"col-inner\">\n\n\t<div class=\"img has-hover x md-x lg-x y md-y lg-y\" id=\"image_177342721\">\n\t\t\t\t\t\t\t\t<div class=\"img-inner image-cover dark\" style=\"padding-top:100%;\">\n\t\t\t<img loading=\"lazy\" decoding=\"async\" width=\"768\" height=\"768\" src=\"https:\/\/piazzaforte.com\/wp-content\/uploads\/2024\/01\/CastelloZumelle-cortile-768x768.jpg\" class=\"attachment-medium_large size-medium_large\" alt=\"\" srcset=\"https:\/\/piazzaforte.com\/wp-content\/uploads\/2024\/01\/CastelloZumelle-cortile-768x768.jpg 768w, https:\/\/piazzaforte.com\/wp-content\/uploads\/2024\/01\/CastelloZumelle-cortile-300x300.jpg 300w, https:\/\/piazzaforte.com\/wp-content\/uploads\/2024\/01\/CastelloZumelle-cortile-150x150.jpg 150w, https:\/\/piazzaforte.com\/wp-content\/uploads\/2024\/01\/CastelloZumelle-cortile.jpg 801w\" sizes=\"auto, (max-width: 768px) 100vw, 768px\" \/>\t\t\t\t\t\t\n\t\t\t\t\t\t\t<div class=\"caption\">Credits: travelexperience.it<\/div>\n\t\t\t\t\t<\/div>\n\t\t\t\t\t\t\t\t\n<style>\n#image_177342721 {\n  width: 100%;\n}\n@media (min-width:550px) {\n  #image_177342721 {\n    width: 100%;\n  }\n}\n<\/style>\n\t<\/div>\n\t\n\n\n<\/div><\/div>\n<div class=\"col grid-col small-12 large-8 grid-col-1\" ><div class=\"col-inner\">\n\n\t<div class=\"img has-hover x md-x lg-x y md-y lg-y\" id=\"image_2010969240\">\n\t\t\t\t\t\t\t\t<div class=\"img-inner image-cover dark\" style=\"padding-top:50%;\">\n\t\t\t<img loading=\"lazy\" decoding=\"async\" width=\"1020\" height=\"510\" src=\"https:\/\/piazzaforte.com\/wp-content\/uploads\/2024\/01\/Castello-Zumelle-1-1024x512.jpg\" class=\"attachment-large size-large\" alt=\"\" srcset=\"https:\/\/piazzaforte.com\/wp-content\/uploads\/2024\/01\/Castello-Zumelle-1-1024x512.jpg 1024w, https:\/\/piazzaforte.com\/wp-content\/uploads\/2024\/01\/Castello-Zumelle-1-300x150.jpg 300w, https:\/\/piazzaforte.com\/wp-content\/uploads\/2024\/01\/Castello-Zumelle-1-768x384.jpg 768w, https:\/\/piazzaforte.com\/wp-content\/uploads\/2024\/01\/Castello-Zumelle-1-1536x768.jpg 1536w, https:\/\/piazzaforte.com\/wp-content\/uploads\/2024\/01\/Castello-Zumelle-1.jpg 1601w\" sizes=\"auto, (max-width: 1020px) 100vw, 1020px\" \/>\t\t\t\t\t\t\n\t\t\t\t\t\t\t<div class=\"caption\">Credits: bandierearancioni.it<\/div>\n\t\t\t\t\t<\/div>\n\t\t\t\t\t\t\t\t\n<style>\n#image_2010969240 {\n  width: 100%;\n}\n<\/style>\n\t<\/div>\n\t\n\n\n<\/div><\/div>\n<div class=\"col grid-col small-12 large-4 grid-col-1\" ><div class=\"col-inner\">\n\n\t<div class=\"img has-hover x md-x lg-x y md-y lg-y\" id=\"image_857560524\">\n\t\t\t\t\t\t\t\t<div class=\"img-inner dark\" >\n\t\t\t<img loading=\"lazy\" decoding=\"async\" width=\"768\" height=\"768\" src=\"https:\/\/piazzaforte.com\/wp-content\/uploads\/2024\/01\/Castello-Zumelle-2-768x768.jpg\" class=\"attachment-medium_large size-medium_large\" alt=\"\" srcset=\"https:\/\/piazzaforte.com\/wp-content\/uploads\/2024\/01\/Castello-Zumelle-2-768x768.jpg 768w, https:\/\/piazzaforte.com\/wp-content\/uploads\/2024\/01\/Castello-Zumelle-2-300x300.jpg 300w, https:\/\/piazzaforte.com\/wp-content\/uploads\/2024\/01\/Castello-Zumelle-2-150x150.jpg 150w, https:\/\/piazzaforte.com\/wp-content\/uploads\/2024\/01\/Castello-Zumelle-2.jpg 801w\" sizes=\"auto, (max-width: 768px) 100vw, 768px\" \/>\t\t\t\t\t\t\n\t\t\t\t\t\t\t<div class=\"caption\">Credits: e-borghi.com<\/div>\n\t\t\t\t\t<\/div>\n\t\t\t\t\t\t\t\t\n<style>\n#image_857560524 {\n  width: 100%;\n}\n<\/style>\n\t<\/div>\n\t\n\n\n<\/div><\/div>\n<div class=\"col grid-col small-12 large-4 grid-col-1\" ><div class=\"col-inner\">\n\n\t<div class=\"img has-hover x md-x lg-x y md-y lg-y\" id=\"image_983638907\">\n\t\t\t\t\t\t\t\t<div class=\"img-inner dark\" >\n\t\t\t<img loading=\"lazy\" decoding=\"async\" width=\"800\" height=\"801\" src=\"https:\/\/piazzaforte.com\/wp-content\/uploads\/2024\/01\/Castello-Zumelle-Taverna.jpg\" class=\"attachment-large size-large\" alt=\"\" srcset=\"https:\/\/piazzaforte.com\/wp-content\/uploads\/2024\/01\/Castello-Zumelle-Taverna.jpg 800w, https:\/\/piazzaforte.com\/wp-content\/uploads\/2024\/01\/Castello-Zumelle-Taverna-300x300.jpg 300w, https:\/\/piazzaforte.com\/wp-content\/uploads\/2024\/01\/Castello-Zumelle-Taverna-150x150.jpg 150w, https:\/\/piazzaforte.com\/wp-content\/uploads\/2024\/01\/Castello-Zumelle-Taverna-768x769.jpg 768w\" sizes=\"auto, (max-width: 800px) 100vw, 800px\" \/>\t\t\t\t\t\t\n\t\t\t\t\t\t\t<div class=\"caption\">Credits: matrimonio.com<\/div>\n\t\t\t\t\t<\/div>\n\t\t\t\t\t\t\t\t\n<style>\n#image_983638907 {\n  width: 100%;\n}\n<\/style>\n\t<\/div>\n\t\n\n\n<\/div><\/div>\n<div class=\"col grid-col small-12 large-4 grid-col-1\" ><div class=\"col-inner\">\n\n\n  <div class=\"banner has-hover\" id=\"banner-115646319\">\n          <div class=\"banner-inner fill\">\n        <div class=\"banner-bg fill\" >\n                                                \n                    <\/div>\n\t\t\n        <div class=\"banner-layers container\">\n            <div class=\"fill banner-link\"><\/div>            \n\n   <div id=\"text-box-1834619499\" class=\"text-box banner-layer x10 md-x10 lg-x10 y5 md-y5 lg-y5 res-text\">\n                                <div class=\"text-box-content text \">\n              \n              <div class=\"text-inner text-left\">\n                  \n\n\t<div id=\"text-3204587336\" class=\"text\">\n\t\t\n\n<h2>Der Besuch des Schlosses bietet ein authentisches Eintauchen in das Mittelalter mit Shows, Markt und Aktivit\u00e4ten wie Bogenschie\u00dfen. <\/h2>\n\t\t\n<style>\n#text-3204587336 {\n  font-size: 0.75rem;\n  text-align: left;\n}\n<\/style>\n\t<\/div>\n\t\n\n              <\/div>\n           <\/div>\n                            \n<style>\n#text-box-1834619499 {\n  width: 83%;\n}\n#text-box-1834619499 .text-box-content {\n  font-size: 100%;\n}\n@media (min-width:550px) {\n  #text-box-1834619499 {\n    width: 74%;\n  }\n}\n<\/style>\n    <\/div>\n \n\n        <\/div>\n      <\/div>\n\n            \n<style>\n#banner-115646319 {\n  padding-top: 0px;\n  background-color: rgb(97, 194, 247);\n}\n<\/style>\n  <\/div>\n\n\n\n<\/div><\/div>\n\n            <\/div>\n    <style>\n    #banner-grid-1161810467 .grid-col-1{height: 600px}\n    #banner-grid-1161810467 .grid-col-1-2{height: 300px}\n    #banner-grid-1161810467 .grid-col-1-3{height:200px}\n    #banner-grid-1161810467 .grid-col-2-3{height: 400px}\n    #banner-grid-1161810467 .grid-col-1-4{height: 150px}\n    #banner-grid-1161810467 .grid-col-3-4{height: 450px}\n\n\n    \n    \n\n  <\/style>\n    <\/div>\n  \n\n\t<section class=\"section\" id=\"section_485627789\">\n\t\t<div class=\"section-bg fill\" >\n\t\t\t\t\t\t\t\t\t\n\t\t\t\n\n\t\t<\/div>\n\n\t\t\n\n\t\t<div class=\"section-content relative\">\n\t\t\t\n\n<div class=\"row row-collapse row-full-width align-center\"  id=\"row-1242726053\">\n\n\n\t<div id=\"col-638809139\" class=\"col medium-8 small-10 large-8\"  >\n\t\t\t\t<div class=\"col-inner\"  >\n\t\t\t\n\t\t\t\n\n\t<div id=\"text-3693635213\" class=\"text\">\n\t\t\n\n<p> <\/p>\n<p><span data-text-color=\"success\">Die Umgebung bietet neben den mittelalterlichen Sehensw\u00fcrdigkeiten einen Besuch der Kirche S. Donato und des Botanischen Waldes sowie Naturpfade, mit denen Sie die malerische Umgebung erkunden k\u00f6nnen.<\/span><\/p>\n\t\t\n<style>\n#text-3693635213 {\n  text-align: center;\n  color: rgb(255, 255, 255);\n}\n#text-3693635213 > * {\n  color: rgb(255, 255, 255);\n}\n<\/style>\n\t<\/div>\n\t\n\n\t\t<\/div>\n\t\t\t\t\n<style>\n#col-638809139 > .col-inner {\n  margin: 50px 0px 50px 0px;\n}\n<\/style>\n\t<\/div>\n\n\t\n\n<\/div>\n\n\t\t<\/div>\n\n\t\t\n<style>\n#section_485627789 {\n  padding-top: 30px;\n  padding-bottom: 30px;\n  background-color: rgb(201, 167, 76);\n}\n<\/style>\n\t<\/section>\n\t\n\n","protected":false},"excerpt":{"rendered":"","protected":false},"author":1,"featured_media":0,"parent":0,"menu_order":0,"comment_status":"closed","ping_status":"closed","template":"page-blank.php","meta":{"footnotes":""},"class_list":["post-1547","page","type-page","status-publish","hentry"],"_links":{"self":[{"href":"https:\/\/piazzaforte.com\/de\/wp-json\/wp\/v2\/pages\/1547","targetHints":{"allow":["GET"]}}],"collection":[{"href":"https:\/\/piazzaforte.com\/de\/wp-json\/wp\/v2\/pages"}],"about":[{"href":"https:\/\/piazzaforte.com\/de\/wp-json\/wp\/v2\/types\/page"}],"author":[{"embeddable":true,"href":"https:\/\/piazzaforte.com\/de\/wp-json\/wp\/v2\/users\/1"}],"replies":[{"embeddable":true,"href":"https:\/\/piazzaforte.com\/de\/wp-json\/wp\/v2\/comments?post=1547"}],"version-history":[{"count":2,"href":"https:\/\/piazzaforte.com\/de\/wp-json\/wp\/v2\/pages\/1547\/revisions"}],"predecessor-version":[{"id":1549,"href":"https:\/\/piazzaforte.com\/de\/wp-json\/wp\/v2\/pages\/1547\/revisions\/1549"}],"wp:attachment":[{"href":"https:\/\/piazzaforte.com\/de\/wp-json\/wp\/v2\/media?parent=1547"}],"curies":[{"name":"wp","href":"https:\/\/api.w.org\/{rel}","templated":true}]}}