{"id":1544,"date":"2024-01-17T13:59:41","date_gmt":"2024-01-17T12:59:41","guid":{"rendered":"https:\/\/piazzaforte.com\/mele-a-mel\/"},"modified":"2024-04-17T14:59:01","modified_gmt":"2024-04-17T12:59:01","slug":"mele-a-mel","status":"publish","type":"page","link":"https:\/\/piazzaforte.com\/de\/mele-a-mel\/","title":{"rendered":"Mele a Mel"},"content":{"rendered":"\n\n\t<section class=\"section\" id=\"section_862121160\">\n\t\t<div class=\"section-bg fill\" >\n\t\t\t\t\t\t\t\t\t\n\t\t\t\n\n\t\t<\/div>\n\n\t\t\n\n\t\t<div class=\"section-content relative\">\n\t\t\t\n\n<div class=\"row align-center\"  id=\"row-189237065\">\n\n\n\t<div id=\"col-791917441\" class=\"col medium-10 small-11 large-10\"  >\n\t\t\t\t<div class=\"col-inner\"  >\n\t\t\t\n\t\t\t\n\n\t<div id=\"text-323341739\" class=\"text\">\n\t\t\n\n<p> <\/p>\n<h5 class=\"uppercase\"><span data-text-color=\"success\">Mele a Mel<\/span><\/h5>\n<h1><span data-text-color=\"primary\">Eine bezaubernde Geschichte der Tradition<\/span><\/h1>\n<p>Die Veranstaltung, die sich nicht nur im Panorama von Belluno, sondern auch \u00fcber die Grenzen der Provinz hinaus konsolidiert hat, zieht ein immer gr\u00f6\u00dferes Publikum an, das vor allem aus anderen Regionen kommt.<\/p>\n\t\t\n<style>\n#text-323341739 {\n  text-align: center;\n}\n<\/style>\n\t<\/div>\n\t\n\n\t\t<\/div>\n\t\t\t\t\t<\/div>\n\n\t\n\n<\/div>\n\n\t\t<\/div>\n\n\t\t\n<style>\n#section_862121160 {\n  padding-top: 30px;\n  padding-bottom: 30px;\n}\n<\/style>\n\t<\/section>\n\t\n\n\t<section class=\"section\" id=\"section_1695154235\">\n\t\t<div class=\"section-bg fill\" >\n\t\t\t\t\t\t\t\t\t\n\t\t\t\n\n\t\t<\/div>\n\n\t\t\n\n\t\t<div class=\"section-content relative\">\n\t\t\t\n\n\t<div class=\"img has-hover x md-x lg-x y md-y lg-y\" id=\"image_254901750\">\n\t\t\t\t\t\t\t\t<div class=\"img-inner dark\" >\n\t\t\t<img loading=\"lazy\" decoding=\"async\" width=\"1020\" height=\"540\" src=\"https:\/\/piazzaforte.com\/wp-content\/uploads\/2024\/01\/mele-a-Mel-1-1024x542.jpg\" class=\"attachment-large size-large\" alt=\"\" srcset=\"https:\/\/piazzaforte.com\/wp-content\/uploads\/2024\/01\/mele-a-Mel-1-1024x542.jpg 1024w, https:\/\/piazzaforte.com\/wp-content\/uploads\/2024\/01\/mele-a-Mel-1-300x159.jpg 300w, https:\/\/piazzaforte.com\/wp-content\/uploads\/2024\/01\/mele-a-Mel-1-768x407.jpg 768w, https:\/\/piazzaforte.com\/wp-content\/uploads\/2024\/01\/mele-a-Mel-1-1536x813.jpg 1536w, https:\/\/piazzaforte.com\/wp-content\/uploads\/2024\/01\/mele-a-Mel-1-2048x1085.jpg 2048w\" sizes=\"auto, (max-width: 1020px) 100vw, 1020px\" \/>\t\t\t\t\t\t\n\t\t\t\t\t\t\t<div class=\"caption\">Credits: dolomiti.it<\/div>\n\t\t\t\t\t<\/div>\n\t\t\t\t\t\t\t\t\n<style>\n#image_254901750 {\n  width: 100%;\n}\n<\/style>\n\t<\/div>\n\t\n\n\n\t\t<\/div>\n\n\t\t\n<style>\n#section_1695154235 {\n  padding-top: 0px;\n  padding-bottom: 0px;\n  min-height: 200px;\n}\n<\/style>\n\t<\/section>\n\t\n\n\t<section class=\"section\" id=\"section_68697453\">\n\t\t<div class=\"section-bg fill\" >\n\t\t\t\t\t\t\t\t\t\n\t\t\t\n\n\t\t<\/div>\n\n\t\t\n\n\t\t<div class=\"section-content relative\">\n\t\t\t\n\n<div class=\"row row-large align-middle align-center\"  id=\"row-460706506\">\n\n\n\t<div id=\"col-2055533544\" class=\"col medium-5 small-10 large-5\"  >\n\t\t\t\t<div class=\"col-inner\"  >\n\t\t\t\n\t\t\t\n\n\t<div class=\"img has-hover x md-x lg-x y md-y lg-y\" id=\"image_276270353\">\n\t\t\t\t\t\t\t\t<div class=\"img-inner dark\" >\n\t\t\t<img loading=\"lazy\" decoding=\"async\" width=\"546\" height=\"546\" src=\"https:\/\/piazzaforte.com\/wp-content\/uploads\/2024\/01\/mele-a-Mel-3.jpg\" class=\"attachment-large size-large\" alt=\"\" srcset=\"https:\/\/piazzaforte.com\/wp-content\/uploads\/2024\/01\/mele-a-Mel-3.jpg 546w, https:\/\/piazzaforte.com\/wp-content\/uploads\/2024\/01\/mele-a-Mel-3-300x300.jpg 300w, https:\/\/piazzaforte.com\/wp-content\/uploads\/2024\/01\/mele-a-Mel-3-150x150.jpg 150w\" sizes=\"auto, (max-width: 546px) 100vw, 546px\" \/>\t\t\t\t\t\t\n\t\t\t\t\t\t\t<div class=\"caption\">Credits: amicodelpopolo.it<\/div>\n\t\t\t\t\t<\/div>\n\t\t\t\t\t\t\t\t\n<style>\n#image_276270353 {\n  width: 100%;\n}\n<\/style>\n\t<\/div>\n\t\n\n\n\t\t<\/div>\n\t\t\t\t\t<\/div>\n\n\t\n\n\t<div id=\"col-1823155178\" class=\"col medium-5 small-10 large-5\"  >\n\t\t\t\t<div class=\"col-inner text-left\"  >\n\t\t\t\n\t\t\t\n\n<h2>Der Erfolg ist haupts\u00e4chlich den mehr als 100 Ausstellern zuzuschreiben, die von der Organisation sorgf\u00e4ltig ausgew\u00e4hlt wurden und regelm\u00e4\u00dfig teilnehmen. <\/h2>\n\n\t\t<\/div>\n\t\t\t\t\t<\/div>\n\n\t\n\n<\/div>\n\n\t\t<\/div>\n\n\t\t\n<style>\n#section_68697453 {\n  padding-top: 60px;\n  padding-bottom: 60px;\n  background-color: rgb(201, 167, 76);\n}\n<\/style>\n\t<\/section>\n\t\n  <div class=\"banner-grid-wrapper\">\n  <div id=\"banner-grid-673809487\" class=\"banner-grid row row-grid row-collapse row-full-width\" data-packery-options=\"\">\n                      \n\n<div class=\"col grid-col small-12 large-4 grid-col-1\" ><div class=\"col-inner\">\n\n\t<div class=\"img has-hover x md-x lg-x y md-y lg-y\" id=\"image_1576549607\">\n\t\t\t\t\t\t\t\t<div class=\"img-inner image-cover dark\" style=\"padding-top:100%;\">\n\t\t\t<img loading=\"lazy\" decoding=\"async\" width=\"768\" height=\"768\" src=\"https:\/\/piazzaforte.com\/wp-content\/uploads\/2024\/01\/mele-a-Mel-5-768x768.jpg\" class=\"attachment-medium_large size-medium_large\" alt=\"\" srcset=\"https:\/\/piazzaforte.com\/wp-content\/uploads\/2024\/01\/mele-a-Mel-5-768x768.jpg 768w, https:\/\/piazzaforte.com\/wp-content\/uploads\/2024\/01\/mele-a-Mel-5-300x300.jpg 300w, https:\/\/piazzaforte.com\/wp-content\/uploads\/2024\/01\/mele-a-Mel-5-150x150.jpg 150w, https:\/\/piazzaforte.com\/wp-content\/uploads\/2024\/01\/mele-a-Mel-5.jpg 801w\" sizes=\"auto, (max-width: 768px) 100vw, 768px\" \/>\t\t\t\t\t\t\n\t\t\t\t\t\t\t<div class=\"caption\">Credits: telebelluno.it<\/div>\n\t\t\t\t\t<\/div>\n\t\t\t\t\t\t\t\t\n<style>\n#image_1576549607 {\n  width: 100%;\n}\n@media (min-width:550px) {\n  #image_1576549607 {\n    width: 100%;\n  }\n}\n<\/style>\n\t<\/div>\n\t\n\n\n<\/div><\/div>\n<div class=\"col grid-col small-12 large-8 grid-col-1\" ><div class=\"col-inner\">\n\n\t<div class=\"img has-hover x md-x lg-x y md-y lg-y\" id=\"image_1600764873\">\n\t\t\t\t\t\t\t\t<div class=\"img-inner image-cover dark\" style=\"padding-top:50%;\">\n\t\t\t<img loading=\"lazy\" decoding=\"async\" width=\"1020\" height=\"510\" src=\"https:\/\/piazzaforte.com\/wp-content\/uploads\/2024\/01\/mele-a-Mel-2-1024x512.jpg\" class=\"attachment-large size-large\" alt=\"\" srcset=\"https:\/\/piazzaforte.com\/wp-content\/uploads\/2024\/01\/mele-a-Mel-2-1024x512.jpg 1024w, https:\/\/piazzaforte.com\/wp-content\/uploads\/2024\/01\/mele-a-Mel-2-300x150.jpg 300w, https:\/\/piazzaforte.com\/wp-content\/uploads\/2024\/01\/mele-a-Mel-2-768x384.jpg 768w, https:\/\/piazzaforte.com\/wp-content\/uploads\/2024\/01\/mele-a-Mel-2-1536x768.jpg 1536w, https:\/\/piazzaforte.com\/wp-content\/uploads\/2024\/01\/mele-a-Mel-2.jpg 1601w\" sizes=\"auto, (max-width: 1020px) 100vw, 1020px\" \/>\t\t\t\t\t\t\n\t\t\t\t\t\t\t<div class=\"caption\">Credits: qdpnews.it<\/div>\n\t\t\t\t\t<\/div>\n\t\t\t\t\t\t\t\t\n<style>\n#image_1600764873 {\n  width: 100%;\n}\n<\/style>\n\t<\/div>\n\t\n\n\n<\/div><\/div>\n<div class=\"col grid-col small-12 large-4 grid-col-1\" ><div class=\"col-inner\">\n\n\t<div class=\"img has-hover x md-x lg-x y md-y lg-y\" id=\"image_1586974484\">\n\t\t\t\t\t\t\t\t<div class=\"img-inner dark\" >\n\t\t\t<img loading=\"lazy\" decoding=\"async\" width=\"801\" height=\"801\" src=\"https:\/\/piazzaforte.com\/wp-content\/uploads\/2024\/01\/apples-1872997.jpg\" class=\"attachment-large size-large\" alt=\"\" srcset=\"https:\/\/piazzaforte.com\/wp-content\/uploads\/2024\/01\/apples-1872997.jpg 801w, https:\/\/piazzaforte.com\/wp-content\/uploads\/2024\/01\/apples-1872997-300x300.jpg 300w, https:\/\/piazzaforte.com\/wp-content\/uploads\/2024\/01\/apples-1872997-150x150.jpg 150w, https:\/\/piazzaforte.com\/wp-content\/uploads\/2024\/01\/apples-1872997-768x768.jpg 768w\" sizes=\"auto, (max-width: 801px) 100vw, 801px\" \/>\t\t\t\t\t\t\n\t\t\t\t\t<\/div>\n\t\t\t\t\t\t\t\t\n<style>\n#image_1586974484 {\n  width: 100%;\n}\n<\/style>\n\t<\/div>\n\t\n\n\n<\/div><\/div>\n<div class=\"col grid-col small-12 large-4 grid-col-1\" ><div class=\"col-inner\">\n\n\t<div class=\"img has-hover x md-x lg-x y md-y lg-y\" id=\"image_822041784\">\n\t\t\t\t\t\t\t\t<div class=\"img-inner dark\" >\n\t\t\t<img loading=\"lazy\" decoding=\"async\" width=\"800\" height=\"801\" src=\"https:\/\/piazzaforte.com\/wp-content\/uploads\/2024\/01\/mele-a-mel-4.jpg\" class=\"attachment-large size-large\" alt=\"\" srcset=\"https:\/\/piazzaforte.com\/wp-content\/uploads\/2024\/01\/mele-a-mel-4.jpg 800w, https:\/\/piazzaforte.com\/wp-content\/uploads\/2024\/01\/mele-a-mel-4-300x300.jpg 300w, https:\/\/piazzaforte.com\/wp-content\/uploads\/2024\/01\/mele-a-mel-4-150x150.jpg 150w, https:\/\/piazzaforte.com\/wp-content\/uploads\/2024\/01\/mele-a-mel-4-768x769.jpg 768w\" sizes=\"auto, (max-width: 800px) 100vw, 800px\" \/>\t\t\t\t\t\t\n\t\t\t\t\t\t\t<div class=\"caption\">Credits: qdnews.it<\/div>\n\t\t\t\t\t<\/div>\n\t\t\t\t\t\t\t\t\n<style>\n#image_822041784 {\n  width: 100%;\n}\n<\/style>\n\t<\/div>\n\t\n\n\n<\/div><\/div>\n<div class=\"col grid-col small-12 large-4 grid-col-1\" ><div class=\"col-inner\">\n\n\n  <div class=\"banner has-hover\" id=\"banner-391084934\">\n          <div class=\"banner-inner fill\">\n        <div class=\"banner-bg fill\" >\n                                                \n                    <\/div>\n\t\t\n        <div class=\"banner-layers container\">\n            <div class=\"fill banner-link\"><\/div>            \n\n   <div id=\"text-box-660190722\" class=\"text-box banner-layer x10 md-x10 lg-x10 y5 md-y5 lg-y5 res-text\">\n                                <div class=\"text-box-content text \">\n              \n              <div class=\"text-inner text-left\">\n                  \n\n\t<div id=\"text-2978306551\" class=\"text\">\n\t\t\n\n<h2>Was diesem Ereignis jedoch einen einzigartigen Charakter verleiht, ist der Kontext des historischen Zentrums von Mel mit seinen eindrucksvollen Innenh\u00f6fen. <\/h2>\n\t\t\n<style>\n#text-2978306551 {\n  font-size: 0.75rem;\n  text-align: left;\n}\n<\/style>\n\t<\/div>\n\t\n\n              <\/div>\n           <\/div>\n                            \n<style>\n#text-box-660190722 {\n  width: 83%;\n}\n#text-box-660190722 .text-box-content {\n  font-size: 100%;\n}\n@media (min-width:550px) {\n  #text-box-660190722 {\n    width: 74%;\n  }\n}\n<\/style>\n    <\/div>\n \n\n        <\/div>\n      <\/div>\n\n            \n<style>\n#banner-391084934 {\n  padding-top: 0px;\n  background-color: rgb(97, 194, 247);\n}\n<\/style>\n  <\/div>\n\n\n\n<\/div><\/div>\n\n            <\/div>\n    <style>\n    #banner-grid-673809487 .grid-col-1{height: 600px}\n    #banner-grid-673809487 .grid-col-1-2{height: 300px}\n    #banner-grid-673809487 .grid-col-1-3{height:200px}\n    #banner-grid-673809487 .grid-col-2-3{height: 400px}\n    #banner-grid-673809487 .grid-col-1-4{height: 150px}\n    #banner-grid-673809487 .grid-col-3-4{height: 450px}\n\n\n    \n    \n\n  <\/style>\n    <\/div>\n  \n\n\t<section class=\"section\" id=\"section_1392109481\">\n\t\t<div class=\"section-bg fill\" >\n\t\t\t\t\t\t\t\t\t\n\t\t\t\n\n\t\t<\/div>\n\n\t\t\n\n\t\t<div class=\"section-content relative\">\n\t\t\t\n\n<div class=\"row row-collapse row-full-width align-center\"  id=\"row-103033897\">\n\n\n\t<div id=\"col-1812348521\" class=\"col medium-8 small-10 large-8\"  >\n\t\t\t\t<div class=\"col-inner\"  >\n\t\t\t\n\t\t\t\n\n\t<div id=\"text-600798583\" class=\"text\">\n\t\t\n\n<p> <\/p>\n<p><span data-text-color=\"success\">Das Erlebnis wird dank der Animation der Bezirksgruppen, die Spiele aus ehemaligen Zeiten und alten Berufen zum Leben erwecken und einen authentischen und echten Blick auf die Vergangenheit bieten, noch spezieller.<\/span><\/p>\n\t\t\n<style>\n#text-600798583 {\n  text-align: center;\n  color: rgb(255, 255, 255);\n}\n#text-600798583 > * {\n  color: rgb(255, 255, 255);\n}\n<\/style>\n\t<\/div>\n\t\n\n\t\t<\/div>\n\t\t\t\t\n<style>\n#col-1812348521 > .col-inner {\n  margin: 50px 0px 50px 0px;\n}\n<\/style>\n\t<\/div>\n\n\t\n\n<\/div>\n\n\t\t<\/div>\n\n\t\t\n<style>\n#section_1392109481 {\n  padding-top: 30px;\n  padding-bottom: 30px;\n  background-color: rgb(201, 167, 76);\n}\n<\/style>\n\t<\/section>\n\t\n\n","protected":false},"excerpt":{"rendered":"","protected":false},"author":1,"featured_media":0,"parent":0,"menu_order":0,"comment_status":"closed","ping_status":"closed","template":"page-blank.php","meta":{"footnotes":""},"class_list":["post-1544","page","type-page","status-publish","hentry"],"_links":{"self":[{"href":"https:\/\/piazzaforte.com\/de\/wp-json\/wp\/v2\/pages\/1544","targetHints":{"allow":["GET"]}}],"collection":[{"href":"https:\/\/piazzaforte.com\/de\/wp-json\/wp\/v2\/pages"}],"about":[{"href":"https:\/\/piazzaforte.com\/de\/wp-json\/wp\/v2\/types\/page"}],"author":[{"embeddable":true,"href":"https:\/\/piazzaforte.com\/de\/wp-json\/wp\/v2\/users\/1"}],"replies":[{"embeddable":true,"href":"https:\/\/piazzaforte.com\/de\/wp-json\/wp\/v2\/comments?post=1544"}],"version-history":[{"count":2,"href":"https:\/\/piazzaforte.com\/de\/wp-json\/wp\/v2\/pages\/1544\/revisions"}],"predecessor-version":[{"id":1546,"href":"https:\/\/piazzaforte.com\/de\/wp-json\/wp\/v2\/pages\/1544\/revisions\/1546"}],"wp:attachment":[{"href":"https:\/\/piazzaforte.com\/de\/wp-json\/wp\/v2\/media?parent=1544"}],"curies":[{"name":"wp","href":"https:\/\/api.w.org\/{rel}","templated":true}]}}