{"id":1541,"date":"2024-01-17T13:56:06","date_gmt":"2024-01-17T12:56:06","guid":{"rendered":"https:\/\/piazzaforte.com\/casteldardo\/"},"modified":"2024-04-17T14:58:06","modified_gmt":"2024-04-17T12:58:06","slug":"casteldardo","status":"publish","type":"page","link":"https:\/\/piazzaforte.com\/de\/casteldardo\/","title":{"rendered":"Casteldardo"},"content":{"rendered":"\n\n\t<section class=\"section\" id=\"section_207922099\">\n\t\t<div class=\"section-bg fill\" >\n\t\t\t\t\t\t\t\t\t\n\t\t\t\n\n\t\t<\/div>\n\n\t\t\n\n\t\t<div class=\"section-content relative\">\n\t\t\t\n\n<div class=\"row align-center\"  id=\"row-22558664\">\n\n\n\t<div id=\"col-303378163\" class=\"col medium-10 small-11 large-10\"  >\n\t\t\t\t<div class=\"col-inner\"  >\n\t\t\t\n\t\t\t\n\n\t<div id=\"text-4216841596\" class=\"text\">\n\t\t\n\n<p> <\/p>\n<h5 class=\"uppercase\"><span data-text-color=\"success\">Casteldardo<\/span><\/h5>\n<h1><span data-text-color=\"primary\">Schlachten und Strategien:<br>Die Schl\u00fcsselrolle von Casteldardo<\/span><\/h1>\n<p>Das Gebiet von Casteldardo, das seit der R\u00f6merzeit von Bedeutung ist, war strategisch in Bezug auf das Valbelluna, die Dolomiten und die Verbindungswege mit Treviso und der umliegenden Ebene positioniert.<\/p>\n\t\t\n<style>\n#text-4216841596 {\n  text-align: center;\n}\n<\/style>\n\t<\/div>\n\t\n\n\t\t<\/div>\n\t\t\t\t\t<\/div>\n\n\t\n\n<\/div>\n\n\t\t<\/div>\n\n\t\t\n<style>\n#section_207922099 {\n  padding-top: 30px;\n  padding-bottom: 30px;\n}\n<\/style>\n\t<\/section>\n\t\n\n\t<section class=\"section\" id=\"section_751249755\">\n\t\t<div class=\"section-bg fill\" >\n\t\t\t\t\t\t\t\t\t\n\t\t\t\n\n\t\t<\/div>\n\n\t\t\n\n\t\t<div class=\"section-content relative\">\n\t\t\t\n\n\t<div class=\"img has-hover x md-x lg-x y md-y lg-y\" id=\"image_655324543\">\n\t\t\t\t\t\t\t\t<div class=\"img-inner dark\" >\n\t\t\t<img loading=\"lazy\" decoding=\"async\" width=\"1600\" height=\"842\" src=\"https:\/\/piazzaforte.com\/wp-content\/uploads\/2024\/01\/0B0A9155-CPB-Trichiana-10-Luglio-2023-Prova.jpg\" class=\"attachment-original size-original\" alt=\"\" srcset=\"https:\/\/piazzaforte.com\/wp-content\/uploads\/2024\/01\/0B0A9155-CPB-Trichiana-10-Luglio-2023-Prova.jpg 1600w, https:\/\/piazzaforte.com\/wp-content\/uploads\/2024\/01\/0B0A9155-CPB-Trichiana-10-Luglio-2023-Prova-300x158.jpg 300w, https:\/\/piazzaforte.com\/wp-content\/uploads\/2024\/01\/0B0A9155-CPB-Trichiana-10-Luglio-2023-Prova-1024x539.jpg 1024w, https:\/\/piazzaforte.com\/wp-content\/uploads\/2024\/01\/0B0A9155-CPB-Trichiana-10-Luglio-2023-Prova-768x404.jpg 768w, https:\/\/piazzaforte.com\/wp-content\/uploads\/2024\/01\/0B0A9155-CPB-Trichiana-10-Luglio-2023-Prova-1536x808.jpg 1536w\" sizes=\"auto, (max-width: 1600px) 100vw, 1600px\" \/>\t\t\t\t\t\t\n\t\t\t\t\t<\/div>\n\t\t\t\t\t\t\t\t\n<style>\n#image_655324543 {\n  width: 100%;\n}\n<\/style>\n\t<\/div>\n\t\n\n\n\t\t<\/div>\n\n\t\t\n<style>\n#section_751249755 {\n  padding-top: 0px;\n  padding-bottom: 0px;\n  min-height: 200px;\n}\n<\/style>\n\t<\/section>\n\t\n\n\t<section class=\"section\" id=\"section_1611554516\">\n\t\t<div class=\"section-bg fill\" >\n\t\t\t\t\t\t\t\t\t\n\t\t\t\n\n\t\t<\/div>\n\n\t\t\n\n\t\t<div class=\"section-content relative\">\n\t\t\t\n\n<div class=\"row row-large align-middle align-center\"  id=\"row-1640334310\">\n\n\n\t<div id=\"col-1000239853\" class=\"col medium-5 small-10 large-5\"  >\n\t\t\t\t<div class=\"col-inner\"  >\n\t\t\t\n\t\t\t\n\n\t<div class=\"img has-hover x md-x lg-x y md-y lg-y\" id=\"image_1401232249\">\n\t\t\t\t\t\t\t\t<div class=\"img-inner dark\" >\n\t\t\t<img loading=\"lazy\" decoding=\"async\" width=\"546\" height=\"546\" src=\"https:\/\/piazzaforte.com\/wp-content\/uploads\/2024\/01\/Casteldardo.4.jpg\" class=\"attachment-large size-large\" alt=\"\" srcset=\"https:\/\/piazzaforte.com\/wp-content\/uploads\/2024\/01\/Casteldardo.4.jpg 546w, https:\/\/piazzaforte.com\/wp-content\/uploads\/2024\/01\/Casteldardo.4-300x300.jpg 300w, https:\/\/piazzaforte.com\/wp-content\/uploads\/2024\/01\/Casteldardo.4-150x150.jpg 150w\" sizes=\"auto, (max-width: 546px) 100vw, 546px\" \/>\t\t\t\t\t\t\n\t\t\t\t\t\t\t<div class=\"caption\">Credits: ilveses.com<\/div>\n\t\t\t\t\t<\/div>\n\t\t\t\t\t\t\t\t\n<style>\n#image_1401232249 {\n  width: 100%;\n}\n<\/style>\n\t<\/div>\n\t\n\n\n\t\t<\/div>\n\t\t\t\t\t<\/div>\n\n\t\n\n\t<div id=\"col-1353939319\" class=\"col medium-5 small-10 large-5\"  >\n\t\t\t\t<div class=\"col-inner text-left\"  >\n\t\t\t\n\t\t\t\n\n<h2>In r\u00f6mischer Zeit gab es einen Wachturm, Vorg\u00e4nger der antiken Burg von Ardo, die im Mittelalter errichtet wurde. Studien zeigen, dass sich die urspr\u00fcngliche Burg am oberen Ufer des Ardo befand. <\/h2>\n\n\t\t<\/div>\n\t\t\t\t\t<\/div>\n\n\t\n\n<\/div>\n\n\t\t<\/div>\n\n\t\t\n<style>\n#section_1611554516 {\n  padding-top: 60px;\n  padding-bottom: 60px;\n  background-color: rgb(201, 167, 76);\n}\n<\/style>\n\t<\/section>\n\t\n  <div class=\"banner-grid-wrapper\">\n  <div id=\"banner-grid-1445637999\" class=\"banner-grid row row-grid row-collapse row-full-width\" data-packery-options=\"\">\n                      \n\n<div class=\"col grid-col small-12 large-4 grid-col-1\" ><div class=\"col-inner\">\n\n\t<div class=\"img has-hover x md-x lg-x y md-y lg-y\" id=\"image_324115325\">\n\t\t\t\t\t\t\t\t<div class=\"img-inner image-cover dark\" style=\"padding-top:100%;\">\n\t\t\t<img loading=\"lazy\" decoding=\"async\" width=\"768\" height=\"768\" src=\"https:\/\/piazzaforte.com\/wp-content\/uploads\/2024\/01\/Casteldardo.5-768x768.jpg\" class=\"attachment-medium_large size-medium_large\" alt=\"\" srcset=\"https:\/\/piazzaforte.com\/wp-content\/uploads\/2024\/01\/Casteldardo.5-768x768.jpg 768w, https:\/\/piazzaforte.com\/wp-content\/uploads\/2024\/01\/Casteldardo.5-300x300.jpg 300w, https:\/\/piazzaforte.com\/wp-content\/uploads\/2024\/01\/Casteldardo.5-150x150.jpg 150w, https:\/\/piazzaforte.com\/wp-content\/uploads\/2024\/01\/Casteldardo.5.jpg 801w\" sizes=\"auto, (max-width: 768px) 100vw, 768px\" \/>\t\t\t\t\t\t\n\t\t\t\t\t\t\t<div class=\"caption\">Credits: ilveses.com<\/div>\n\t\t\t\t\t<\/div>\n\t\t\t\t\t\t\t\t\n<style>\n#image_324115325 {\n  width: 100%;\n}\n@media (min-width:550px) {\n  #image_324115325 {\n    width: 100%;\n  }\n}\n<\/style>\n\t<\/div>\n\t\n\n\n<\/div><\/div>\n<div class=\"col grid-col small-12 large-8 grid-col-1\" ><div class=\"col-inner\">\n\n\t<div class=\"img has-hover x md-x lg-x y md-y lg-y\" id=\"image_1374568427\">\n\t\t\t\t\t\t\t\t<div class=\"img-inner image-cover dark\" style=\"padding-top:50%;\">\n\t\t\t<img loading=\"lazy\" decoding=\"async\" width=\"1020\" height=\"510\" src=\"https:\/\/piazzaforte.com\/wp-content\/uploads\/2024\/01\/Casteldardo.2-1024x512.jpg\" class=\"attachment-large size-large\" alt=\"\" srcset=\"https:\/\/piazzaforte.com\/wp-content\/uploads\/2024\/01\/Casteldardo.2-1024x512.jpg 1024w, https:\/\/piazzaforte.com\/wp-content\/uploads\/2024\/01\/Casteldardo.2-300x150.jpg 300w, https:\/\/piazzaforte.com\/wp-content\/uploads\/2024\/01\/Casteldardo.2-768x384.jpg 768w, https:\/\/piazzaforte.com\/wp-content\/uploads\/2024\/01\/Casteldardo.2-1536x768.jpg 1536w, https:\/\/piazzaforte.com\/wp-content\/uploads\/2024\/01\/Casteldardo.2.jpg 1601w\" sizes=\"auto, (max-width: 1020px) 100vw, 1020px\" \/>\t\t\t\t\t\t\n\t\t\t\t\t\t\t<div class=\"caption\">Credits: torredardo.it<\/div>\n\t\t\t\t\t<\/div>\n\t\t\t\t\t\t\t\t\n<style>\n#image_1374568427 {\n  width: 100%;\n}\n<\/style>\n\t<\/div>\n\t\n\n\n<\/div><\/div>\n<div class=\"col grid-col small-12 large-4 grid-col-1\" ><div class=\"col-inner\">\n\n\n  <div class=\"banner has-hover\" id=\"banner-1063296501\">\n          <div class=\"banner-inner fill\">\n        <div class=\"banner-bg fill\" >\n                                                \n                    <\/div>\n\t\t\n        <div class=\"banner-layers container\">\n            <div class=\"fill banner-link\"><\/div>            \n\n   <div id=\"text-box-29846178\" class=\"text-box banner-layer x50 md-x50 lg-x50 y50 md-y50 lg-y50 res-text\">\n                                <div class=\"text-box-content text dark\">\n              \n              <div class=\"text-inner text-center\">\n                  \n\n\n              <\/div>\n           <\/div>\n                            \n<style>\n#text-box-29846178 {\n  width: 60%;\n}\n#text-box-29846178 .text-box-content {\n  font-size: 100%;\n}\n@media (min-width:550px) {\n  #text-box-29846178 {\n    width: 60%;\n  }\n}\n<\/style>\n    <\/div>\n \n\n        <\/div>\n      <\/div>\n\n            \n<style>\n#banner-1063296501 {\n  padding-top: 500px;\n}\n<\/style>\n  <\/div>\n\n\n\n<\/div><\/div>\n<div class=\"col grid-col small-12 large-4 grid-col-1\" ><div class=\"col-inner\">\n\n\t<div class=\"img has-hover x md-x lg-x y md-y lg-y\" id=\"image_1814998119\">\n\t\t\t\t\t\t\t\t<div class=\"img-inner dark\" >\n\t\t\t<img loading=\"lazy\" decoding=\"async\" width=\"800\" height=\"801\" src=\"https:\/\/piazzaforte.com\/wp-content\/uploads\/2024\/01\/Casteldardo.3.jpg\" class=\"attachment-large size-large\" alt=\"\" srcset=\"https:\/\/piazzaforte.com\/wp-content\/uploads\/2024\/01\/Casteldardo.3.jpg 800w, https:\/\/piazzaforte.com\/wp-content\/uploads\/2024\/01\/Casteldardo.3-300x300.jpg 300w, https:\/\/piazzaforte.com\/wp-content\/uploads\/2024\/01\/Casteldardo.3-150x150.jpg 150w, https:\/\/piazzaforte.com\/wp-content\/uploads\/2024\/01\/Casteldardo.3-768x769.jpg 768w\" sizes=\"auto, (max-width: 800px) 100vw, 800px\" \/>\t\t\t\t\t\t\n\t\t\t\t\t\t\t<div class=\"caption\">Credits: ilveses.com<\/div>\n\t\t\t\t\t<\/div>\n\t\t\t\t\t\t\t\t\n<style>\n#image_1814998119 {\n  width: 100%;\n}\n<\/style>\n\t<\/div>\n\t\n\n\n<\/div><\/div>\n<div class=\"col grid-col small-12 large-4 grid-col-1\" ><div class=\"col-inner\">\n\n\n  <div class=\"banner has-hover\" id=\"banner-283112138\">\n          <div class=\"banner-inner fill\">\n        <div class=\"banner-bg fill\" >\n                                                \n                    <\/div>\n\t\t\n        <div class=\"banner-layers container\">\n            <div class=\"fill banner-link\"><\/div>            \n\n   <div id=\"text-box-1610159563\" class=\"text-box banner-layer x10 md-x10 lg-x10 y5 md-y5 lg-y5 res-text\">\n                                <div class=\"text-box-content text \">\n              \n              <div class=\"text-inner text-left\">\n                  \n\n\t<div id=\"text-766914191\" class=\"text\">\n\t\t\n\n<h2>Ihre strategische Bedeutung zeigt sich in den h\u00e4ufigen K\u00e4mpfen um ihre Kontrolle, insbesondere nach der Mitte des 12. Jahrhunderts. <\/h2>\n\t\t\n<style>\n#text-766914191 {\n  font-size: 0.75rem;\n  text-align: left;\n}\n<\/style>\n\t<\/div>\n\t\n\n              <\/div>\n           <\/div>\n                            \n<style>\n#text-box-1610159563 {\n  width: 83%;\n}\n#text-box-1610159563 .text-box-content {\n  font-size: 100%;\n}\n@media (min-width:550px) {\n  #text-box-1610159563 {\n    width: 74%;\n  }\n}\n<\/style>\n    <\/div>\n \n\n        <\/div>\n      <\/div>\n\n            \n<style>\n#banner-283112138 {\n  padding-top: 0px;\n  background-color: rgb(97, 194, 247);\n}\n<\/style>\n  <\/div>\n\n\n\n<\/div><\/div>\n\n            <\/div>\n    <style>\n    #banner-grid-1445637999 .grid-col-1{height: 600px}\n    #banner-grid-1445637999 .grid-col-1-2{height: 300px}\n    #banner-grid-1445637999 .grid-col-1-3{height:200px}\n    #banner-grid-1445637999 .grid-col-2-3{height: 400px}\n    #banner-grid-1445637999 .grid-col-1-4{height: 150px}\n    #banner-grid-1445637999 .grid-col-3-4{height: 450px}\n\n\n    \n    \n\n  <\/style>\n    <\/div>\n  \n\n\t<section class=\"section\" id=\"section_1713395537\">\n\t\t<div class=\"section-bg fill\" >\n\t\t\t\t\t\t\t\t\t\n\t\t\t\n\n\t\t<\/div>\n\n\t\t\n\n\t\t<div class=\"section-content relative\">\n\t\t\t\n\n<div class=\"row row-collapse row-full-width align-center\"  id=\"row-1945419020\">\n\n\n\t<div id=\"col-1968801451\" class=\"col medium-8 small-10 large-8\"  >\n\t\t\t\t<div class=\"col-inner\"  >\n\t\t\t\n\t\t\t\n\n\t<div id=\"text-1829469366\" class=\"text\">\n\t\t\n\n<p> <\/p>\n<p><span data-text-color=\"success\">Sie wurde zu einem entscheidenden Punkt in der Verteidigungslinie der Adelsfamilie da Camino. Ein bedeutendes Ereignis geht auf das Jahr 1196 zur\u00fcck, als der Bischof von Belluno, Gerardo de Taccoli, eine Milit\u00e4rkampagne f\u00fchrte, die zur Eroberung von Casteld&#8217;Ardo di Trichiana und anderen Schl\u00f6ssern von Treviso wie Zumelle und Quero f\u00fchrte und der Kontrolle von Treviso \u00fcber die Region entgegenstand.<\/span><\/p>\n\t\t\n<style>\n#text-1829469366 {\n  text-align: center;\n  color: rgb(255, 255, 255);\n}\n#text-1829469366 > * {\n  color: rgb(255, 255, 255);\n}\n<\/style>\n\t<\/div>\n\t\n\n\t\t<\/div>\n\t\t\t\t\n<style>\n#col-1968801451 > .col-inner {\n  margin: 50px 0px 50px 0px;\n}\n<\/style>\n\t<\/div>\n\n\t\n\n<\/div>\n\n\t\t<\/div>\n\n\t\t\n<style>\n#section_1713395537 {\n  padding-top: 30px;\n  padding-bottom: 30px;\n  background-color: rgb(201, 167, 76);\n}\n<\/style>\n\t<\/section>\n\t\n\n","protected":false},"excerpt":{"rendered":"","protected":false},"author":1,"featured_media":0,"parent":0,"menu_order":0,"comment_status":"closed","ping_status":"closed","template":"page-blank.php","meta":{"footnotes":""},"class_list":["post-1541","page","type-page","status-publish","hentry"],"_links":{"self":[{"href":"https:\/\/piazzaforte.com\/de\/wp-json\/wp\/v2\/pages\/1541","targetHints":{"allow":["GET"]}}],"collection":[{"href":"https:\/\/piazzaforte.com\/de\/wp-json\/wp\/v2\/pages"}],"about":[{"href":"https:\/\/piazzaforte.com\/de\/wp-json\/wp\/v2\/types\/page"}],"author":[{"embeddable":true,"href":"https:\/\/piazzaforte.com\/de\/wp-json\/wp\/v2\/users\/1"}],"replies":[{"embeddable":true,"href":"https:\/\/piazzaforte.com\/de\/wp-json\/wp\/v2\/comments?post=1541"}],"version-history":[{"count":2,"href":"https:\/\/piazzaforte.com\/de\/wp-json\/wp\/v2\/pages\/1541\/revisions"}],"predecessor-version":[{"id":1543,"href":"https:\/\/piazzaforte.com\/de\/wp-json\/wp\/v2\/pages\/1541\/revisions\/1543"}],"wp:attachment":[{"href":"https:\/\/piazzaforte.com\/de\/wp-json\/wp\/v2\/media?parent=1541"}],"curies":[{"name":"wp","href":"https:\/\/api.w.org\/{rel}","templated":true}]}}