{"id":1538,"date":"2024-01-17T13:55:00","date_gmt":"2024-01-17T12:55:00","guid":{"rendered":"https:\/\/piazzaforte.com\/brent-de-lart\/"},"modified":"2024-04-17T14:56:49","modified_gmt":"2024-04-17T12:56:49","slug":"brent-de-lart","status":"publish","type":"page","link":"https:\/\/piazzaforte.com\/de\/brent-de-lart\/","title":{"rendered":"Brent de l\u2019Art"},"content":{"rendered":"\n\n\t<section class=\"section\" id=\"section_1994079432\">\n\t\t<div class=\"section-bg fill\" >\n\t\t\t\t\t\t\t\t\t\n\t\t\t\n\n\t\t<\/div>\n\n\t\t\n\n\t\t<div class=\"section-content relative\">\n\t\t\t\n\n<div class=\"row align-center\"  id=\"row-1962737070\">\n\n\n\t<div id=\"col-1376679705\" class=\"col medium-10 small-11 large-10\"  >\n\t\t\t\t<div class=\"col-inner\"  >\n\t\t\t\n\t\t\t\n\n\t<div id=\"text-3776456482\" class=\"text\">\n\t\t\n\n<p> <\/p>\n<h5 class=\"uppercase\"><span data-text-color=\"success\">Brent de l\u2019Art<\/span><\/h5>\n<h1><span data-text-color=\"primary\">Aus dem Wasser gegrabene Wunder<\/span><\/h1>\n<p>Tauchen Sie ein in das faszinierende Panorama, das das Wasser im Laufe der Jahrtausende entlang des Flusses Arda geformt hat: Seine Schluchten bieten ein atemberaubendes Schauspiel, das auf jeden Fall einen Besuch wert ist. W\u00e4hlen Sie, ob Sie von au\u00dfen teilnehmen m\u00f6chten, indem Sie einen entspannenden Spaziergang im Wald genie\u00dfen, oder Sie vollst\u00e4ndig eintauchen wollen und sich eine aufregende River-Trekking-Aktivit\u00e4t g\u00f6nnen.<\/p>\n\t\t\n<style>\n#text-3776456482 {\n  text-align: center;\n}\n<\/style>\n\t<\/div>\n\t\n\n\t\t<\/div>\n\t\t\t\t\t<\/div>\n\n\t\n\n<\/div>\n\n\t\t<\/div>\n\n\t\t\n<style>\n#section_1994079432 {\n  padding-top: 30px;\n  padding-bottom: 30px;\n}\n<\/style>\n\t<\/section>\n\t\n\n\t<section class=\"section\" id=\"section_456265187\">\n\t\t<div class=\"section-bg fill\" >\n\t\t\t\t\t\t\t\t\t\n\t\t\t\n\n\t\t<\/div>\n\n\t\t\n\n\t\t<div class=\"section-content relative\">\n\t\t\t\n\n\t<div class=\"img has-hover x md-x lg-x y md-y lg-y\" id=\"image_2140661029\">\n\t\t\t\t\t\t\t\t<div class=\"img-inner dark\" >\n\t\t\t<img loading=\"lazy\" decoding=\"async\" width=\"2400\" height=\"1271\" src=\"https:\/\/piazzaforte.com\/wp-content\/uploads\/2024\/01\/Brent-de-lart-1.jpg\" class=\"attachment-original size-original\" alt=\"\" srcset=\"https:\/\/piazzaforte.com\/wp-content\/uploads\/2024\/01\/Brent-de-lart-1.jpg 2400w, https:\/\/piazzaforte.com\/wp-content\/uploads\/2024\/01\/Brent-de-lart-1-300x159.jpg 300w, https:\/\/piazzaforte.com\/wp-content\/uploads\/2024\/01\/Brent-de-lart-1-1024x542.jpg 1024w, https:\/\/piazzaforte.com\/wp-content\/uploads\/2024\/01\/Brent-de-lart-1-768x407.jpg 768w, https:\/\/piazzaforte.com\/wp-content\/uploads\/2024\/01\/Brent-de-lart-1-1536x813.jpg 1536w, https:\/\/piazzaforte.com\/wp-content\/uploads\/2024\/01\/Brent-de-lart-1-2048x1085.jpg 2048w\" sizes=\"auto, (max-width: 2400px) 100vw, 2400px\" \/>\t\t\t\t\t\t\n\t\t\t\t\t\t\t<div class=\"caption\">Credits: Fondazione Lucia De Conz<\/div>\n\t\t\t\t\t<\/div>\n\t\t\t\t\t\t\t\t\n<style>\n#image_2140661029 {\n  width: 100%;\n}\n<\/style>\n\t<\/div>\n\t\n\n\n\t\t<\/div>\n\n\t\t\n<style>\n#section_456265187 {\n  padding-top: 0px;\n  padding-bottom: 0px;\n  min-height: 200px;\n}\n<\/style>\n\t<\/section>\n\t\n\n\t<section class=\"section\" id=\"section_768447746\">\n\t\t<div class=\"section-bg fill\" >\n\t\t\t\t\t\t\t\t\t\n\t\t\t\n\n\t\t<\/div>\n\n\t\t\n\n\t\t<div class=\"section-content relative\">\n\t\t\t\n\n<div class=\"row row-large align-middle align-center\"  id=\"row-953512773\">\n\n\n\t<div id=\"col-1189938319\" class=\"col medium-5 small-10 large-5\"  >\n\t\t\t\t<div class=\"col-inner\"  >\n\t\t\t\n\t\t\t\n\n\t<div class=\"img has-hover x md-x lg-x y md-y lg-y\" id=\"image_846889545\">\n\t\t\t\t\t\t\t\t<div class=\"img-inner dark\" >\n\t\t\t<img loading=\"lazy\" decoding=\"async\" width=\"546\" height=\"546\" src=\"https:\/\/piazzaforte.com\/wp-content\/uploads\/2024\/01\/Brent-de-lart-2.jpg\" class=\"attachment-large size-large\" alt=\"\" srcset=\"https:\/\/piazzaforte.com\/wp-content\/uploads\/2024\/01\/Brent-de-lart-2.jpg 546w, https:\/\/piazzaforte.com\/wp-content\/uploads\/2024\/01\/Brent-de-lart-2-300x300.jpg 300w, https:\/\/piazzaforte.com\/wp-content\/uploads\/2024\/01\/Brent-de-lart-2-150x150.jpg 150w\" sizes=\"auto, (max-width: 546px) 100vw, 546px\" \/>\t\t\t\t\t\t\n\t\t\t\t\t\t\t<div class=\"caption\">Credits: meeters.org<\/div>\n\t\t\t\t\t<\/div>\n\t\t\t\t\t\t\t\t\n<style>\n#image_846889545 {\n  width: 100%;\n}\n<\/style>\n\t<\/div>\n\t\n\n\n\t\t<\/div>\n\t\t\t\t\t<\/div>\n\n\t\n\n\t<div id=\"col-1847362734\" class=\"col medium-5 small-10 large-5\"  >\n\t\t\t\t<div class=\"col-inner text-left\"  >\n\t\t\t\n\t\t\t\n\n<h2>Diese letzte Option gibt Ihnen nicht nur die M\u00f6glichkeit, die Sch\u00f6nheit der Schluchten von innen zu bewundern, sondern auch eine faszinierende Reise durch eine au\u00dfergew\u00f6hnlich reiche Fauna und Flora zu unternehmen. <\/h2>\n\n\t\t<\/div>\n\t\t\t\t\t<\/div>\n\n\t\n\n<\/div>\n\n\t\t<\/div>\n\n\t\t\n<style>\n#section_768447746 {\n  padding-top: 60px;\n  padding-bottom: 60px;\n  background-color: rgb(201, 167, 76);\n}\n<\/style>\n\t<\/section>\n\t\n  <div class=\"banner-grid-wrapper\">\n  <div id=\"banner-grid-893410592\" class=\"banner-grid row row-grid row-collapse row-full-width\" data-packery-options=\"\">\n                      \n\n<div class=\"col grid-col small-12 large-4 grid-col-1\" ><div class=\"col-inner\">\n\n\t<div class=\"img has-hover x md-x lg-x y md-y lg-y\" id=\"image_1734548982\">\n\t\t\t\t\t\t\t\t<div class=\"img-inner image-cover dark\" style=\"padding-top:100%;\">\n\t\t\t<img loading=\"lazy\" decoding=\"async\" width=\"801\" height=\"801\" src=\"https:\/\/piazzaforte.com\/wp-content\/uploads\/2024\/01\/Brent-de-lart-3.jpg\" class=\"attachment-large size-large\" alt=\"\" srcset=\"https:\/\/piazzaforte.com\/wp-content\/uploads\/2024\/01\/Brent-de-lart-3.jpg 801w, https:\/\/piazzaforte.com\/wp-content\/uploads\/2024\/01\/Brent-de-lart-3-300x300.jpg 300w, https:\/\/piazzaforte.com\/wp-content\/uploads\/2024\/01\/Brent-de-lart-3-150x150.jpg 150w, https:\/\/piazzaforte.com\/wp-content\/uploads\/2024\/01\/Brent-de-lart-3-768x768.jpg 768w\" sizes=\"auto, (max-width: 801px) 100vw, 801px\" \/>\t\t\t\t\t\t\n\t\t\t\t\t\t\t<div class=\"caption\">Credits: meeters.org<\/div>\n\t\t\t\t\t<\/div>\n\t\t\t\t\t\t\t\t\n<style>\n#image_1734548982 {\n  width: 100%;\n}\n@media (min-width:550px) {\n  #image_1734548982 {\n    width: 100%;\n  }\n}\n<\/style>\n\t<\/div>\n\t\n\n\n<\/div><\/div>\n<div class=\"col grid-col small-12 large-8 grid-col-1\" ><div class=\"col-inner\">\n\n\t<div class=\"img has-hover x md-x lg-x y md-y lg-y\" id=\"image_1805201189\">\n\t\t\t\t\t\t\t\t<div class=\"img-inner image-cover dark\" style=\"padding-top:50%;\">\n\t\t\t<img loading=\"lazy\" decoding=\"async\" width=\"1601\" height=\"801\" src=\"https:\/\/piazzaforte.com\/wp-content\/uploads\/2024\/01\/Brent-de-lart-4.jpg\" class=\"attachment-original size-original\" alt=\"\" srcset=\"https:\/\/piazzaforte.com\/wp-content\/uploads\/2024\/01\/Brent-de-lart-4.jpg 1601w, https:\/\/piazzaforte.com\/wp-content\/uploads\/2024\/01\/Brent-de-lart-4-300x150.jpg 300w, https:\/\/piazzaforte.com\/wp-content\/uploads\/2024\/01\/Brent-de-lart-4-1024x512.jpg 1024w, https:\/\/piazzaforte.com\/wp-content\/uploads\/2024\/01\/Brent-de-lart-4-768x384.jpg 768w, https:\/\/piazzaforte.com\/wp-content\/uploads\/2024\/01\/Brent-de-lart-4-1536x768.jpg 1536w\" sizes=\"auto, (max-width: 1601px) 100vw, 1601px\" \/>\t\t\t\t\t\t\n\t\t\t\t\t\t\t<div class=\"caption\">Credits: meeters.org<\/div>\n\t\t\t\t\t<\/div>\n\t\t\t\t\t\t\t\t\n<style>\n#image_1805201189 {\n  width: 100%;\n}\n<\/style>\n\t<\/div>\n\t\n\n\n<\/div><\/div>\n<div class=\"col grid-col small-12 large-8 grid-col-1\" ><div class=\"col-inner\">\n\n\t<div class=\"img has-hover x md-x lg-x y md-y lg-y\" id=\"image_1288255272\">\n\t\t\t\t\t\t\t\t<div class=\"img-inner dark\" >\n\t\t\t<img loading=\"lazy\" decoding=\"async\" width=\"1601\" height=\"801\" src=\"https:\/\/piazzaforte.com\/wp-content\/uploads\/2024\/01\/Brent-de-lart5.jpg\" class=\"attachment-original size-original\" alt=\"\" srcset=\"https:\/\/piazzaforte.com\/wp-content\/uploads\/2024\/01\/Brent-de-lart5.jpg 1601w, https:\/\/piazzaforte.com\/wp-content\/uploads\/2024\/01\/Brent-de-lart5-300x150.jpg 300w, https:\/\/piazzaforte.com\/wp-content\/uploads\/2024\/01\/Brent-de-lart5-1024x512.jpg 1024w, https:\/\/piazzaforte.com\/wp-content\/uploads\/2024\/01\/Brent-de-lart5-768x384.jpg 768w, https:\/\/piazzaforte.com\/wp-content\/uploads\/2024\/01\/Brent-de-lart5-1536x768.jpg 1536w\" sizes=\"auto, (max-width: 1601px) 100vw, 1601px\" \/>\t\t\t\t\t\t\n\t\t\t\t\t\t\t<div class=\"caption\">Credits: niamondo.it<\/div>\n\t\t\t\t\t<\/div>\n\t\t\t\t\t\t\t\t\n<style>\n#image_1288255272 {\n  width: 100%;\n}\n<\/style>\n\t<\/div>\n\t\n\n\n<\/div><\/div>\n<div class=\"col grid-col small-12 large-4 grid-col-1\" ><div class=\"col-inner\">\n\n\n  <div class=\"banner has-hover\" id=\"banner-405938493\">\n          <div class=\"banner-inner fill\">\n        <div class=\"banner-bg fill\" >\n                                                \n                    <\/div>\n\t\t\n        <div class=\"banner-layers container\">\n            <div class=\"fill banner-link\"><\/div>            \n\n   <div id=\"text-box-628223903\" class=\"text-box banner-layer x10 md-x10 lg-x10 y5 md-y5 lg-y5 res-text\">\n                                <div class=\"text-box-content text \">\n              \n              <div class=\"text-inner text-left\">\n                  \n\n\t<div id=\"text-2409324111\" class=\"text\">\n\t\t\n\n<h2>Wassertiere und sehr gr\u00fcne Pflanzen werden Ihre Reisebegleiter sein und den Ausflug zu einem unvergesslichen Erlebnis machen. <\/h2>\n\t\t\n<style>\n#text-2409324111 {\n  font-size: 0.75rem;\n  text-align: left;\n}\n<\/style>\n\t<\/div>\n\t\n\n              <\/div>\n           <\/div>\n                            \n<style>\n#text-box-628223903 {\n  width: 83%;\n}\n#text-box-628223903 .text-box-content {\n  font-size: 100%;\n}\n@media (min-width:550px) {\n  #text-box-628223903 {\n    width: 74%;\n  }\n}\n<\/style>\n    <\/div>\n \n\n        <\/div>\n      <\/div>\n\n            \n<style>\n#banner-405938493 {\n  padding-top: 0px;\n  background-color: rgb(97, 194, 247);\n}\n<\/style>\n  <\/div>\n\n\n\n<\/div><\/div>\n\n            <\/div>\n    <style>\n    #banner-grid-893410592 .grid-col-1{height: 600px}\n    #banner-grid-893410592 .grid-col-1-2{height: 300px}\n    #banner-grid-893410592 .grid-col-1-3{height:200px}\n    #banner-grid-893410592 .grid-col-2-3{height: 400px}\n    #banner-grid-893410592 .grid-col-1-4{height: 150px}\n    #banner-grid-893410592 .grid-col-3-4{height: 450px}\n\n\n    \n    \n\n  <\/style>\n    <\/div>\n  \n\n\t<section class=\"section\" id=\"section_1384253070\">\n\t\t<div class=\"section-bg fill\" >\n\t\t\t\t\t\t\t\t\t\n\t\t\t\n\n\t\t<\/div>\n\n\t\t\n\n\t\t<div class=\"section-content relative\">\n\t\t\t\n\n<div class=\"row row-collapse row-full-width align-center\"  id=\"row-1415574069\">\n\n\n\t<div id=\"col-1273249986\" class=\"col medium-8 small-10 large-8\"  >\n\t\t\t\t<div class=\"col-inner\"  >\n\t\t\t\n\t\t\t\n\n\t<div id=\"text-262728106\" class=\"text\">\n\t\t\n\n<p> <\/p>\n<p><span data-text-color=\"success\">Denken Sie daran, dass ein so intensives Abenteuer die richtige Anleitung erfordert. Verlassen Sie sich auf Experten aus dem Gebiet und der Natur, wie die Bergf\u00fchrergruppe des Dolomiti Beat-Teams.<\/span><\/p>\n\t\t\n<style>\n#text-262728106 {\n  text-align: center;\n  color: rgb(255, 255, 255);\n}\n#text-262728106 > * {\n  color: rgb(255, 255, 255);\n}\n<\/style>\n\t<\/div>\n\t\n\n\t\t<\/div>\n\t\t\t\t\n<style>\n#col-1273249986 > .col-inner {\n  margin: 50px 0px 50px 0px;\n}\n<\/style>\n\t<\/div>\n\n\t\n\n<\/div>\n\n\t\t<\/div>\n\n\t\t\n<style>\n#section_1384253070 {\n  padding-top: 30px;\n  padding-bottom: 30px;\n  background-color: rgb(201, 167, 76);\n}\n<\/style>\n\t<\/section>\n\t\n\n","protected":false},"excerpt":{"rendered":"","protected":false},"author":1,"featured_media":0,"parent":0,"menu_order":0,"comment_status":"closed","ping_status":"closed","template":"page-blank.php","meta":{"footnotes":""},"class_list":["post-1538","page","type-page","status-publish","hentry"],"_links":{"self":[{"href":"https:\/\/piazzaforte.com\/de\/wp-json\/wp\/v2\/pages\/1538","targetHints":{"allow":["GET"]}}],"collection":[{"href":"https:\/\/piazzaforte.com\/de\/wp-json\/wp\/v2\/pages"}],"about":[{"href":"https:\/\/piazzaforte.com\/de\/wp-json\/wp\/v2\/types\/page"}],"author":[{"embeddable":true,"href":"https:\/\/piazzaforte.com\/de\/wp-json\/wp\/v2\/users\/1"}],"replies":[{"embeddable":true,"href":"https:\/\/piazzaforte.com\/de\/wp-json\/wp\/v2\/comments?post=1538"}],"version-history":[{"count":2,"href":"https:\/\/piazzaforte.com\/de\/wp-json\/wp\/v2\/pages\/1538\/revisions"}],"predecessor-version":[{"id":1540,"href":"https:\/\/piazzaforte.com\/de\/wp-json\/wp\/v2\/pages\/1538\/revisions\/1540"}],"wp:attachment":[{"href":"https:\/\/piazzaforte.com\/de\/wp-json\/wp\/v2\/media?parent=1538"}],"curies":[{"name":"wp","href":"https:\/\/api.w.org\/{rel}","templated":true}]}}