{"id":1535,"date":"2024-01-12T08:37:31","date_gmt":"2024-01-12T07:37:31","guid":{"rendered":"https:\/\/piazzaforte.com\/der-handwerker-der-traeume\/"},"modified":"2024-04-17T14:55:23","modified_gmt":"2024-04-17T12:55:23","slug":"der-handwerker-der-traeume","status":"publish","type":"page","link":"https:\/\/piazzaforte.com\/de\/der-handwerker-der-traeume\/","title":{"rendered":"Der Handwerker der Tr\u00e4ume"},"content":{"rendered":"\n\n\t<section class=\"section\" id=\"section_851059358\">\n\t\t<div class=\"section-bg fill\" >\n\t\t\t\t\t\t\t\t\t\n\t\t\t\n\n\t\t<\/div>\n\n\t\t\n\n\t\t<div class=\"section-content relative\">\n\t\t\t\n\n<div class=\"row align-center\"  id=\"row-1229952227\">\n\n\n\t<div id=\"col-1694417930\" class=\"col medium-10 small-11 large-10\"  >\n\t\t\t\t<div class=\"col-inner\"  >\n\t\t\t\n\t\t\t\n\n\t<div id=\"text-451621520\" class=\"text\">\n\t\t\n\n<p> <\/p>\n<h5><span data-text-color=\"success\">SILVANO DA ROIT<\/span><\/h5>\n<h1><span data-text-color=\"primary\">Der Handwerker der Tr\u00e4ume<\/span><\/p>\n<\/h1>\n<p>In den L\u00e4ndern voller Geschichte und Tradition sticht die Figur von Silvano da Roit hervor, ein Holzschnitzer, der die Essenz des lokalen Handwerks verk\u00f6rpert. Der 1946 geborene Silvano hat einen Gro\u00dfteil seines Lebens als Maschinenarbeiter verbracht, aber es ist das Holz, das seine wahre Leidenschaft gefunden hat. Mit mehr als 25 Jahren Erfahrung hat er seine Liebe zur Holzkunst in ein sich st\u00e4ndig weiterentwickelndes Kunstwerk verwandelt und mit jeder Kreation die Seele und Geschichte der lokalen Gemeinschaften eingefangen.<\/p>\n\t\t\n<style>\n#text-451621520 {\n  text-align: center;\n}\n<\/style>\n\t<\/div>\n\t\n\n\t\t<\/div>\n\t\t\t\t\t<\/div>\n\n\t\n\n<\/div>\n\n\t\t<\/div>\n\n\t\t\n<style>\n#section_851059358 {\n  padding-top: 30px;\n  padding-bottom: 30px;\n}\n<\/style>\n\t<\/section>\n\t\n\n\t<section class=\"section has-parallax\" id=\"section_463768849\">\n\t\t<div class=\"section-bg fill\" data-parallax-container=\".section\" data-parallax-background data-parallax=\"-2\">\n\t\t\t<img loading=\"lazy\" decoding=\"async\" width=\"2400\" height=\"1271\" src=\"https:\/\/piazzaforte.com\/wp-content\/uploads\/2024\/02\/AdobeStock_636216085.jpg\" class=\"bg attachment-original size-original\" alt=\"\" \/>\t\t\t\t\t\t\n\t\t\t\n\n\t\t<\/div>\n\n\t\t\n\n\t\t<div class=\"section-content relative\">\n\t\t\t\n\n\n\t\t<\/div>\n\n\t\t\n<style>\n#section_463768849 {\n  padding-top: 30px;\n  padding-bottom: 30px;\n  min-height: 200px;\n}\n@media (min-width:550px) {\n  #section_463768849 {\n    min-height: 800px;\n  }\n}\n<\/style>\n\t<\/section>\n\t\n\n\t<section class=\"section\" id=\"section_28807902\">\n\t\t<div class=\"section-bg fill\" >\n\t\t\t\t\t\t\t\t\t\n\t\t\t\n\n\t\t<\/div>\n\n\t\t\n\n\t\t<div class=\"section-content relative\">\n\t\t\t\n\n<div class=\"row row-large align-middle align-center\"  id=\"row-490761574\">\n\n\n\t<div id=\"col-1966421887\" class=\"col medium-5 small-10 large-5\"  >\n\t\t\t\t<div class=\"col-inner\"  >\n\t\t\t\n\t\t\t\n\n\t<div class=\"img has-hover x md-x lg-x y md-y lg-y\" id=\"image_100860729\">\n\t\t\t\t\t\t\t\t<div class=\"img-inner dark\" >\n\t\t\t<img loading=\"lazy\" decoding=\"async\" width=\"546\" height=\"546\" src=\"https:\/\/piazzaforte.com\/wp-content\/uploads\/2024\/02\/DSC_1576.jpg\" class=\"attachment-large size-large\" alt=\"\" srcset=\"https:\/\/piazzaforte.com\/wp-content\/uploads\/2024\/02\/DSC_1576.jpg 546w, https:\/\/piazzaforte.com\/wp-content\/uploads\/2024\/02\/DSC_1576-300x300.jpg 300w, https:\/\/piazzaforte.com\/wp-content\/uploads\/2024\/02\/DSC_1576-150x150.jpg 150w\" sizes=\"auto, (max-width: 546px) 100vw, 546px\" \/>\t\t\t\t\t\t\n\t\t\t\t\t<\/div>\n\t\t\t\t\t\t\t\t\n<style>\n#image_100860729 {\n  width: 100%;\n}\n<\/style>\n\t<\/div>\n\t\n\n\n\t\t<\/div>\n\t\t\t\t\t<\/div>\n\n\t\n\n\t<div id=\"col-241064464\" class=\"col medium-5 small-10 large-5\"  >\n\t\t\t\t<div class=\"col-inner text-left\"  >\n\t\t\t\n\t\t\t\n\n<h2>Im Holz sehe ich die Seele unseres Landes, bereit, durch meine H\u00e4nde tausendj\u00e4hrige Geschichten zu erz\u00e4hlen.<\/h2>\n\n\t\t<\/div>\n\t\t\t\t\t<\/div>\n\n\t\n\n<\/div>\n\n\t\t<\/div>\n\n\t\t\n<style>\n#section_28807902 {\n  padding-top: 60px;\n  padding-bottom: 60px;\n  background-color: rgb(201, 167, 76);\n}\n<\/style>\n\t<\/section>\n\t\n  <div class=\"banner-grid-wrapper\">\n  <div id=\"banner-grid-135889584\" class=\"banner-grid row row-grid row-collapse row-full-width\" data-packery-options=\"\">\n                      \n\n<div class=\"col grid-col small-12 large-4 grid-col-1\" ><div class=\"col-inner\">\n\n\t<div class=\"img has-hover x md-x lg-x y md-y lg-y\" id=\"image_1848446511\">\n\t\t\t\t\t\t\t\t<div class=\"img-inner image-cover dark\" style=\"padding-top:100%;\">\n\t\t\t<img loading=\"lazy\" decoding=\"async\" width=\"768\" height=\"771\" src=\"https:\/\/piazzaforte.com\/wp-content\/uploads\/2024\/01\/giardino-centore7-768x771.jpg\" class=\"attachment-medium_large size-medium_large\" alt=\"\" srcset=\"https:\/\/piazzaforte.com\/wp-content\/uploads\/2024\/01\/giardino-centore7-768x771.jpg 768w, https:\/\/piazzaforte.com\/wp-content\/uploads\/2024\/01\/giardino-centore7-300x300.jpg 300w, https:\/\/piazzaforte.com\/wp-content\/uploads\/2024\/01\/giardino-centore7-150x150.jpg 150w, https:\/\/piazzaforte.com\/wp-content\/uploads\/2024\/01\/giardino-centore7.jpg 798w\" sizes=\"auto, (max-width: 768px) 100vw, 768px\" \/>\t\t\t\t\t\t\n\t\t\t\t\t<\/div>\n\t\t\t\t\t\t\t\t\n<style>\n#image_1848446511 {\n  width: 100%;\n}\n@media (min-width:550px) {\n  #image_1848446511 {\n    width: 100%;\n  }\n}\n<\/style>\n\t<\/div>\n\t\n\n\n<\/div><\/div>\n<div class=\"col grid-col small-12 large-8 grid-col-1\" ><div class=\"col-inner\">\n\n\t<div class=\"img has-hover x md-x lg-x y md-y lg-y\" id=\"image_1915159171\">\n\t\t\t\t\t\t\t\t<div class=\"img-inner image-cover dark\" style=\"padding-top:50%;\">\n\t\t\t<img loading=\"lazy\" decoding=\"async\" width=\"1020\" height=\"510\" src=\"https:\/\/piazzaforte.com\/wp-content\/uploads\/2024\/02\/DSC_1558-1024x512.jpg\" class=\"attachment-large size-large\" alt=\"\" srcset=\"https:\/\/piazzaforte.com\/wp-content\/uploads\/2024\/02\/DSC_1558-1024x512.jpg 1024w, https:\/\/piazzaforte.com\/wp-content\/uploads\/2024\/02\/DSC_1558-300x150.jpg 300w, https:\/\/piazzaforte.com\/wp-content\/uploads\/2024\/02\/DSC_1558-768x384.jpg 768w, https:\/\/piazzaforte.com\/wp-content\/uploads\/2024\/02\/DSC_1558-1536x768.jpg 1536w, https:\/\/piazzaforte.com\/wp-content\/uploads\/2024\/02\/DSC_1558.jpg 1601w\" sizes=\"auto, (max-width: 1020px) 100vw, 1020px\" \/>\t\t\t\t\t\t\n\t\t\t\t\t<\/div>\n\t\t\t\t\t\t\t\t\n<style>\n#image_1915159171 {\n  width: 100%;\n}\n<\/style>\n\t<\/div>\n\t\n\n\n<\/div><\/div>\n<div class=\"col grid-col small-12 large-4 grid-col-1\" ><div class=\"col-inner\">\n\n\t<div class=\"img has-hover x md-x lg-x y md-y lg-y\" id=\"image_761311933\">\n\t\t\t\t\t\t\t\t<div class=\"img-inner dark\" >\n\t\t\t<img loading=\"lazy\" decoding=\"async\" width=\"768\" height=\"768\" src=\"https:\/\/piazzaforte.com\/wp-content\/uploads\/2024\/02\/0B0A3635-CPB-Trichiana-14-Maggio-2023-mr-768x768.jpg\" class=\"attachment-medium_large size-medium_large\" alt=\"\" srcset=\"https:\/\/piazzaforte.com\/wp-content\/uploads\/2024\/02\/0B0A3635-CPB-Trichiana-14-Maggio-2023-mr-768x768.jpg 768w, https:\/\/piazzaforte.com\/wp-content\/uploads\/2024\/02\/0B0A3635-CPB-Trichiana-14-Maggio-2023-mr-300x300.jpg 300w, https:\/\/piazzaforte.com\/wp-content\/uploads\/2024\/02\/0B0A3635-CPB-Trichiana-14-Maggio-2023-mr-150x150.jpg 150w, https:\/\/piazzaforte.com\/wp-content\/uploads\/2024\/02\/0B0A3635-CPB-Trichiana-14-Maggio-2023-mr.jpg 801w\" sizes=\"auto, (max-width: 768px) 100vw, 768px\" \/>\t\t\t\t\t\t\n\t\t\t\t\t<\/div>\n\t\t\t\t\t\t\t\t\n<style>\n#image_761311933 {\n  width: 100%;\n}\n<\/style>\n\t<\/div>\n\t\n\n\n<\/div><\/div>\n<div class=\"col grid-col small-12 large-4 grid-col-1\" ><div class=\"col-inner\">\n\n\t<div class=\"img has-hover x md-x lg-x y md-y lg-y\" id=\"image_2055797980\">\n\t\t\t\t\t\t\t\t<div class=\"img-inner dark\" >\n\t\t\t<img loading=\"lazy\" decoding=\"async\" width=\"533\" height=\"534\" src=\"https:\/\/piazzaforte.com\/wp-content\/uploads\/2024\/01\/AdobeStock_107704541.jpg\" class=\"attachment-large size-large\" alt=\"\" srcset=\"https:\/\/piazzaforte.com\/wp-content\/uploads\/2024\/01\/AdobeStock_107704541.jpg 533w, https:\/\/piazzaforte.com\/wp-content\/uploads\/2024\/01\/AdobeStock_107704541-300x300.jpg 300w, https:\/\/piazzaforte.com\/wp-content\/uploads\/2024\/01\/AdobeStock_107704541-150x150.jpg 150w\" sizes=\"auto, (max-width: 533px) 100vw, 533px\" \/>\t\t\t\t\t\t\n\t\t\t\t\t<\/div>\n\t\t\t\t\t\t\t\t\n<style>\n#image_2055797980 {\n  width: 100%;\n}\n<\/style>\n\t<\/div>\n\t\n\n\n<\/div><\/div>\n<div class=\"col grid-col small-12 large-4 grid-col-1\" ><div class=\"col-inner\">\n\n\n  <div class=\"banner has-hover\" id=\"banner-434767609\">\n          <div class=\"banner-inner fill\">\n        <div class=\"banner-bg fill\" >\n                                                \n                    <\/div>\n\t\t\n        <div class=\"banner-layers container\">\n            <div class=\"fill banner-link\"><\/div>            \n\n   <div id=\"text-box-753423533\" class=\"text-box banner-layer x10 md-x10 lg-x10 y5 md-y5 lg-y5 res-text\">\n                                <div class=\"text-box-content text \">\n              \n              <div class=\"text-inner text-left\">\n                  \n\n\t<div id=\"text-638044830\" class=\"text\">\n\t\t\n\n<h2>Jede Schnitzerei ist ein Dialog zwischen mir und dem Holz, eine Ode an die Sch\u00f6nheit und die Tradition unserer Wurzeln.<\/h2>\n\t\t\n<style>\n#text-638044830 {\n  font-size: 0.75rem;\n  text-align: left;\n}\n<\/style>\n\t<\/div>\n\t\n\n              <\/div>\n           <\/div>\n                            \n<style>\n#text-box-753423533 {\n  width: 83%;\n}\n#text-box-753423533 .text-box-content {\n  font-size: 100%;\n}\n@media (min-width:550px) {\n  #text-box-753423533 {\n    width: 74%;\n  }\n}\n<\/style>\n    <\/div>\n \n\n        <\/div>\n      <\/div>\n\n            \n<style>\n#banner-434767609 {\n  padding-top: 0px;\n  background-color: rgb(97, 194, 247);\n}\n<\/style>\n  <\/div>\n\n\n\n<\/div><\/div>\n<div class=\"col grid-col large-4 grid-col-1-2 hide-for-medium\" ><div class=\"col-inner\">\n\n\n  <div class=\"banner has-hover\" id=\"banner-431900309\">\n          <div class=\"banner-inner fill\">\n        <div class=\"banner-bg fill\" >\n                                                \n                    <\/div>\n\t\t\n        <div class=\"banner-layers container\">\n            <div class=\"fill banner-link\"><\/div>            \n\n   <div id=\"text-box-301978486\" class=\"text-box banner-layer x50 md-x50 lg-x50 y50 md-y50 lg-y50 res-text\">\n                                <div class=\"text-box-content text dark\">\n              \n              <div class=\"text-inner text-center\">\n                  \n\n\n              <\/div>\n           <\/div>\n                            \n<style>\n#text-box-301978486 {\n  width: 60%;\n}\n#text-box-301978486 .text-box-content {\n  font-size: 100%;\n}\n@media (min-width:550px) {\n  #text-box-301978486 {\n    width: 60%;\n  }\n}\n<\/style>\n    <\/div>\n \n\n        <\/div>\n      <\/div>\n\n            \n<style>\n#banner-431900309 {\n  padding-top: 500px;\n}\n<\/style>\n  <\/div>\n\n\n\n<\/div><\/div>\n<div class=\"col grid-col small-12 large-4 grid-col-1-2\" ><div class=\"col-inner\">\n\n\t<div class=\"img has-hover x md-x lg-x y md-y lg-y\" id=\"image_1252324742\">\n\t\t\t\t\t\t\t\t<div class=\"img-inner dark\" >\n\t\t\t<img loading=\"lazy\" decoding=\"async\" width=\"798\" height=\"401\" src=\"https:\/\/piazzaforte.com\/wp-content\/uploads\/2024\/02\/Raggruppa-27189.jpg\" class=\"attachment-large size-large\" alt=\"\" srcset=\"https:\/\/piazzaforte.com\/wp-content\/uploads\/2024\/02\/Raggruppa-27189.jpg 798w, https:\/\/piazzaforte.com\/wp-content\/uploads\/2024\/02\/Raggruppa-27189-300x151.jpg 300w, https:\/\/piazzaforte.com\/wp-content\/uploads\/2024\/02\/Raggruppa-27189-768x386.jpg 768w\" sizes=\"auto, (max-width: 798px) 100vw, 798px\" \/>\t\t\t\t\t\t\n\t\t\t\t\t<\/div>\n\t\t\t\t\t\t\t\t\n<style>\n#image_1252324742 {\n  width: 100%;\n}\n<\/style>\n\t<\/div>\n\t\n\n\n<\/div><\/div>\n<div class=\"col grid-col small-12 large-4 grid-col-1-2\" ><div class=\"col-inner\">\n\n\t<div class=\"img has-hover x md-x lg-x y md-y lg-y\" id=\"image_510611145\">\n\t\t\t\t\t\t\t\t<div class=\"img-inner dark\" >\n\t\t\t<img loading=\"lazy\" decoding=\"async\" width=\"532\" height=\"267\" src=\"https:\/\/piazzaforte.com\/wp-content\/uploads\/2024\/01\/Raggruppa-27190.jpg\" class=\"attachment-large size-large\" alt=\"\" srcset=\"https:\/\/piazzaforte.com\/wp-content\/uploads\/2024\/01\/Raggruppa-27190.jpg 532w, https:\/\/piazzaforte.com\/wp-content\/uploads\/2024\/01\/Raggruppa-27190-300x151.jpg 300w\" sizes=\"auto, (max-width: 532px) 100vw, 532px\" \/>\t\t\t\t\t\t\n\t\t\t\t\t<\/div>\n\t\t\t\t\t\t\t\t\n<style>\n#image_510611145 {\n  width: 100%;\n}\n<\/style>\n\t<\/div>\n\t\n\n\n<\/div><\/div>\n\n            <\/div>\n    <style>\n    #banner-grid-135889584 .grid-col-1{height: 600px}\n    #banner-grid-135889584 .grid-col-1-2{height: 300px}\n    #banner-grid-135889584 .grid-col-1-3{height:200px}\n    #banner-grid-135889584 .grid-col-2-3{height: 400px}\n    #banner-grid-135889584 .grid-col-1-4{height: 150px}\n    #banner-grid-135889584 .grid-col-3-4{height: 450px}\n\n\n    \n    \n\n  <\/style>\n    <\/div>\n  \n\n\t<section class=\"section\" id=\"section_405183992\">\n\t\t<div class=\"section-bg fill\" >\n\t\t\t\t\t\t\t\t\t\n\t\t\t\n\n\t\t<\/div>\n\n\t\t\n\n\t\t<div class=\"section-content relative\">\n\t\t\t\n\n<div class=\"row row-collapse row-full-width align-center\"  id=\"row-472406188\">\n\n\n\t<div id=\"col-2051508872\" class=\"col medium-8 small-10 large-8\"  >\n\t\t\t\t<div class=\"col-inner\"  >\n\t\t\t\n\t\t\t\n\n\t<div id=\"text-3828815672\" class=\"text\">\n\t\t\n\n<p> <\/p>\n<p><span data-text-color=\"success\">Silvano widmet der Kunst des Schnitzens kostbare Stunden seiner Zeit und verwendet Mei\u00dfel und Hammer, um seine Gedanken und Emotionen mit der Zartheit eines Dichters und der Kraft eines verliebten Handwerkers zu formen.<br>Von zarten Details bis hin zu k\u00fchnsten Formen spiegelt jedes St\u00fcck seine Handwerkskunst wider. Durch die geschickte Bearbeitung von Ahorn und Zirbe, einem kostbaren Holz, das reich an wohltuenden Eigenschaften ist, schafft Silvano Werke, die Authentizit\u00e4t und Sch\u00f6nheit ausstrahlen. <\/span><\/p>\n<p><span data-text-color=\"success\">Sein Engagement bei der Organisation von Ausstellungen und Symposien mit anderen Enthusiasten zeugt von seinem Willen, das Erbe des Handwerks zu bewahren. Silvano verzaubert und inspiriert weiterhin mit Stolz das reiche kulturelle Erbe seines geliebten Landes, stiller Zeuge einer lebendigen Vergangenheit und einer Zukunft, die noch zu schreiben ist.<\/span><\/p>\n\t\t\n<style>\n#text-3828815672 {\n  text-align: center;\n  color: rgb(255, 255, 255);\n}\n#text-3828815672 > * {\n  color: rgb(255, 255, 255);\n}\n<\/style>\n\t<\/div>\n\t\n\n\t\t<\/div>\n\t\t\t\t\n<style>\n#col-2051508872 > .col-inner {\n  margin: 50px 0px 50px 0px;\n}\n<\/style>\n\t<\/div>\n\n\t\n\n<\/div>\n\n\t\t<\/div>\n\n\t\t\n<style>\n#section_405183992 {\n  padding-top: 30px;\n  padding-bottom: 30px;\n  background-color: rgb(201, 167, 76);\n}\n<\/style>\n\t<\/section>\n\t\n\n","protected":false},"excerpt":{"rendered":"","protected":false},"author":1,"featured_media":0,"parent":0,"menu_order":0,"comment_status":"closed","ping_status":"closed","template":"page-blank.php","meta":{"footnotes":""},"class_list":["post-1535","page","type-page","status-publish","hentry"],"_links":{"self":[{"href":"https:\/\/piazzaforte.com\/de\/wp-json\/wp\/v2\/pages\/1535","targetHints":{"allow":["GET"]}}],"collection":[{"href":"https:\/\/piazzaforte.com\/de\/wp-json\/wp\/v2\/pages"}],"about":[{"href":"https:\/\/piazzaforte.com\/de\/wp-json\/wp\/v2\/types\/page"}],"author":[{"embeddable":true,"href":"https:\/\/piazzaforte.com\/de\/wp-json\/wp\/v2\/users\/1"}],"replies":[{"embeddable":true,"href":"https:\/\/piazzaforte.com\/de\/wp-json\/wp\/v2\/comments?post=1535"}],"version-history":[{"count":2,"href":"https:\/\/piazzaforte.com\/de\/wp-json\/wp\/v2\/pages\/1535\/revisions"}],"predecessor-version":[{"id":1537,"href":"https:\/\/piazzaforte.com\/de\/wp-json\/wp\/v2\/pages\/1535\/revisions\/1537"}],"wp:attachment":[{"href":"https:\/\/piazzaforte.com\/de\/wp-json\/wp\/v2\/media?parent=1535"}],"curies":[{"name":"wp","href":"https:\/\/api.w.org\/{rel}","templated":true}]}}