{"id":1532,"date":"2024-01-11T15:03:13","date_gmt":"2024-01-11T14:03:13","guid":{"rendered":"https:\/\/piazzaforte.com\/familie\/"},"modified":"2024-04-17T14:53:19","modified_gmt":"2024-04-17T12:53:19","slug":"familie","status":"publish","type":"page","link":"https:\/\/piazzaforte.com\/de\/familie\/","title":{"rendered":"Familie"},"content":{"rendered":"\n\n\t<section class=\"section\" id=\"section_548888170\">\n\t\t<div class=\"section-bg fill\" >\n\t\t\t\t\t\t\t\t\t\n\t\t\t\n\n\t\t<\/div>\n\n\t\t\n\n\t\t<div class=\"section-content relative\">\n\t\t\t\n\n<div class=\"row align-center\"  id=\"row-35861466\">\n\n\n\t<div id=\"col-495001478\" class=\"col medium-10 small-11 large-10\"  >\n\t\t\t\t<div class=\"col-inner\"  >\n\t\t\t\n\t\t\t\n\n\t<div id=\"text-1222774259\" class=\"text\">\n\t\t\n\n<p> <\/p>\n<h1><span data-text-color=\"primary\">Von Generation zu Generation<\/span><\/h1>\n<p>Seit seiner Jugend ist <strong>Bernardo<\/strong> auf dem kleinen Bauernhof der Familie in Colbertaldo t\u00e4tig, wo sein Vater Giuliano Prosecco herstellt. Im Jahr 1983 machte er ein Diplom in \u00d6nologie.<\/p>\n<p>Im Laufe der Jahre erm\u00f6glichen ihm sein Einfallsreichtum und seine Intuition eine fortschreitende unternehmerische Entwicklung. Zun\u00e4chst tritt er den Beruf des Vermittlers im Weinsektor an und gr\u00fcndet sp\u00e4ter das Unternehmen CE.VI.V. \u2013 Akronym f\u00fcr &#8222;Centro di Vinificazione valdobbiadenese&#8220; \u2013, das auf den Weinherstellungsprozess spezialisiert ist, w\u00e4hrend die Investitionen auch auf landwirtschaftlicher Seite fortgesetzt werden.<\/p>\n<p>In der Tat ist der gemeinsame Nenner seines Wachstums der Prosecco: vom historischen Conegliano-Valdobbiadene Prosecco Superiore DOCG \u00fcber den Asolo Prosecco Superiore DOCG bis hin zum Doc Prosecco. Insbesondere investiert Bernardo zuerst in Belluno, ein Gebiet, das einst f\u00fcr den Weinbau bestimmt war und von dem er glaubt, dass es in der Lage ist, ein wertvolles Produkt zu garantieren.<\/p>\n\t\t\n<style>\n#text-1222774259 {\n  text-align: center;\n}\n<\/style>\n\t<\/div>\n\t\n\n\t\t<\/div>\n\t\t\t\t\t<\/div>\n\n\t\n\n<\/div>\n\n\t\t<\/div>\n\n\t\t\n<style>\n#section_548888170 {\n  padding-top: 30px;\n  padding-bottom: 30px;\n}\n<\/style>\n\t<\/section>\n\t\n\n\t<section class=\"section has-parallax\" id=\"section_1104432211\">\n\t\t<div class=\"section-bg fill\" data-parallax-container=\".section\" data-parallax-background data-parallax=\"-2\">\n\t\t\t<img loading=\"lazy\" decoding=\"async\" width=\"1600\" height=\"801\" src=\"https:\/\/piazzaforte.com\/wp-content\/uploads\/2024\/02\/0B0A0159-F-16.jpg\" class=\"bg attachment-original size-original\" alt=\"\" \/>\t\t\t\t\t\t\n\t\t\t\n\n\t\t<\/div>\n\n\t\t\n\n\t\t<div class=\"section-content relative\">\n\t\t\t\n\n\n\t\t<\/div>\n\n\t\t\n<style>\n#section_1104432211 {\n  padding-top: 30px;\n  padding-bottom: 30px;\n  min-height: 200px;\n}\n@media (min-width:550px) {\n  #section_1104432211 {\n    min-height: 800px;\n  }\n}\n<\/style>\n\t<\/section>\n\t\n\n\t<section class=\"section\" id=\"section_502877745\">\n\t\t<div class=\"section-bg fill\" >\n\t\t\t\t\t\t\t\t\t\n\t\t\t\n\n\t\t<\/div>\n\n\t\t\n\n\t\t<div class=\"section-content relative\">\n\t\t\t\n\n<div class=\"row row-large align-middle align-center\"  id=\"row-1347602154\">\n\n\n\t<div id=\"col-1138251076\" class=\"col medium-5 small-10 large-5\"  >\n\t\t\t\t<div class=\"col-inner\"  >\n\t\t\t\n\t\t\t\n\n\t<div class=\"img has-hover x md-x lg-x y md-y lg-y\" id=\"image_1221378402\">\n\t\t\t\t\t\t\t\t<div class=\"img-inner dark\" >\n\t\t\t<img loading=\"lazy\" decoding=\"async\" width=\"545\" height=\"546\" src=\"https:\/\/piazzaforte.com\/wp-content\/uploads\/2024\/03\/0B0A0501-F-84.jpg\" class=\"attachment-original size-original\" alt=\"\" srcset=\"https:\/\/piazzaforte.com\/wp-content\/uploads\/2024\/03\/0B0A0501-F-84.jpg 545w, https:\/\/piazzaforte.com\/wp-content\/uploads\/2024\/03\/0B0A0501-F-84-300x300.jpg 300w, https:\/\/piazzaforte.com\/wp-content\/uploads\/2024\/03\/0B0A0501-F-84-150x150.jpg 150w\" sizes=\"auto, (max-width: 545px) 100vw, 545px\" \/>\t\t\t\t\t\t\n\t\t\t\t\t<\/div>\n\t\t\t\t\t\t\t\t\n<style>\n#image_1221378402 {\n  width: 100%;\n}\n<\/style>\n\t<\/div>\n\t\n\n\n\t\t<\/div>\n\t\t\t\t\t<\/div>\n\n\t\n\n\t<div id=\"col-616408639\" class=\"col medium-5 small-10 large-5\"  >\n\t\t\t\t<div class=\"col-inner text-left\"  >\n\t\t\t\n\t\t\t\n\n<p>Auch <strong>Luisa Francesca Bellussi <\/strong> hat Wurzeln im Weinsektor, wo sie ihre ersten Schritte in der Arbeitswelt unternimmt. Nach der Bekanntschaft mit Bernardo im Jahr 1990 begleitet und unterst\u00fctzt sie ihn in allen unternehmerischen Projekten sowie im Leben.<\/p>\n<p>Im Jahr 1994 \u00fcbernimmt sie die Stelle der Schwiegermutter und wird Inhaberin des landwirtschaftlichen Betriebs <strong>\u201eLe Rive\u201c<\/strong>, das mehr als 150 Hektar Weinberge, im Besitz und gemietet, verwalten wird. Im Laufe der Zeit hat sich Luisa als rationaler, methodischer und operativer Teil aller Unternehmen etabliert. Die Kreativit\u00e4t von Bernardo wird so konkret umgesetzt, w\u00e4hrend sie sich auf den Verwaltungsbereich spezialisiert.<\/p>\n\n\t\t<\/div>\n\t\t\t\t\t<\/div>\n\n\t\n\n<\/div>\n\n\t\t<\/div>\n\n\t\t\n<style>\n#section_502877745 {\n  padding-top: 60px;\n  padding-bottom: 60px;\n  background-color: rgb(201, 167, 76);\n}\n<\/style>\n\t<\/section>\n\t\n  <div class=\"banner-grid-wrapper\">\n  <div id=\"banner-grid-876598253\" class=\"banner-grid row row-grid row-collapse row-full-width\" data-packery-options=\"\">\n                      \n\n<div class=\"col grid-col small-12 large-4 grid-col-1 hide-for-medium\" ><div class=\"col-inner\">\n\n\t<div class=\"img has-hover x md-x lg-x y md-y lg-y\" id=\"image_381604577\">\n\t\t\t\t\t\t\t\t<div class=\"img-inner dark\" >\n\t\t\t<img loading=\"lazy\" decoding=\"async\" width=\"534\" height=\"534\" src=\"https:\/\/piazzaforte.com\/wp-content\/uploads\/2024\/02\/0B0A0361-F-62.jpg\" class=\"attachment-original size-original\" alt=\"\" srcset=\"https:\/\/piazzaforte.com\/wp-content\/uploads\/2024\/02\/0B0A0361-F-62.jpg 534w, https:\/\/piazzaforte.com\/wp-content\/uploads\/2024\/02\/0B0A0361-F-62-300x300.jpg 300w, https:\/\/piazzaforte.com\/wp-content\/uploads\/2024\/02\/0B0A0361-F-62-150x150.jpg 150w\" sizes=\"auto, (max-width: 534px) 100vw, 534px\" \/>\t\t\t\t\t\t\n\t\t\t\t\t<\/div>\n\t\t\t\t\t\t\t\t\n<style>\n#image_381604577 {\n  width: 100%;\n}\n<\/style>\n\t<\/div>\n\t\n\n\n<\/div><\/div>\n<div class=\"col grid-col small-12 large-4 grid-col-3-4 show-for-medium\" ><div class=\"col-inner\">\n\n\t<div class=\"img has-hover x md-x lg-x y md-y lg-y\" id=\"image_1450157994\">\n\t\t\t\t\t\t\t\t<div class=\"img-inner dark\" >\n\t\t\t<img loading=\"lazy\" decoding=\"async\" width=\"534\" height=\"534\" src=\"https:\/\/piazzaforte.com\/wp-content\/uploads\/2024\/02\/0B0A0361-F-62.jpg\" class=\"attachment-original size-original\" alt=\"\" srcset=\"https:\/\/piazzaforte.com\/wp-content\/uploads\/2024\/02\/0B0A0361-F-62.jpg 534w, https:\/\/piazzaforte.com\/wp-content\/uploads\/2024\/02\/0B0A0361-F-62-300x300.jpg 300w, https:\/\/piazzaforte.com\/wp-content\/uploads\/2024\/02\/0B0A0361-F-62-150x150.jpg 150w\" sizes=\"auto, (max-width: 534px) 100vw, 534px\" \/>\t\t\t\t\t\t\n\t\t\t\t\t<\/div>\n\t\t\t\t\t\t\t\t\n<style>\n#image_1450157994 {\n  width: 100%;\n}\n<\/style>\n\t<\/div>\n\t\n\n\n<\/div><\/div>\n<div class=\"col grid-col small-12 large-8 grid-col-1 hide-for-medium\" ><div class=\"col-inner\">\n\n\t<div class=\"img has-hover x md-x lg-x y md-y lg-y\" id=\"image_1029928016\">\n\t\t\t\t\t\t\t\t<div class=\"img-inner dark\" >\n\t\t\t<img loading=\"lazy\" decoding=\"async\" width=\"1067\" height=\"534\" src=\"https:\/\/piazzaforte.com\/wp-content\/uploads\/2024\/02\/DJI_0315-F-42.jpg\" class=\"attachment-original size-original\" alt=\"\" srcset=\"https:\/\/piazzaforte.com\/wp-content\/uploads\/2024\/02\/DJI_0315-F-42.jpg 1067w, https:\/\/piazzaforte.com\/wp-content\/uploads\/2024\/02\/DJI_0315-F-42-300x150.jpg 300w, https:\/\/piazzaforte.com\/wp-content\/uploads\/2024\/02\/DJI_0315-F-42-1024x512.jpg 1024w, https:\/\/piazzaforte.com\/wp-content\/uploads\/2024\/02\/DJI_0315-F-42-768x384.jpg 768w\" sizes=\"auto, (max-width: 1067px) 100vw, 1067px\" \/>\t\t\t\t\t\t\n\t\t\t\t\t<\/div>\n\t\t\t\t\t\t\t\t\n<style>\n#image_1029928016 {\n  width: 100%;\n}\n<\/style>\n\t<\/div>\n\t\n\n\n<\/div><\/div>\n<div class=\"col grid-col small-12 large-8 grid-col-2-3 show-for-medium\" ><div class=\"col-inner\">\n\n\t<div class=\"img has-hover x md-x lg-x y md-y lg-y\" id=\"image_1948197969\">\n\t\t\t\t\t\t\t\t<div class=\"img-inner dark\" >\n\t\t\t<img loading=\"lazy\" decoding=\"async\" width=\"1067\" height=\"534\" src=\"https:\/\/piazzaforte.com\/wp-content\/uploads\/2024\/02\/DJI_0315-F-42.jpg\" class=\"attachment-original size-original\" alt=\"\" srcset=\"https:\/\/piazzaforte.com\/wp-content\/uploads\/2024\/02\/DJI_0315-F-42.jpg 1067w, https:\/\/piazzaforte.com\/wp-content\/uploads\/2024\/02\/DJI_0315-F-42-300x150.jpg 300w, https:\/\/piazzaforte.com\/wp-content\/uploads\/2024\/02\/DJI_0315-F-42-1024x512.jpg 1024w, https:\/\/piazzaforte.com\/wp-content\/uploads\/2024\/02\/DJI_0315-F-42-768x384.jpg 768w\" sizes=\"auto, (max-width: 1067px) 100vw, 1067px\" \/>\t\t\t\t\t\t\n\t\t\t\t\t<\/div>\n\t\t\t\t\t\t\t\t\n<style>\n#image_1948197969 {\n  width: 100%;\n}\n<\/style>\n\t<\/div>\n\t\n\n\n<\/div><\/div>\n<div class=\"col grid-col small-12 large-8 grid-col-3-4 hide-for-medium\" ><div class=\"col-inner\">\n\n\t<div class=\"img has-hover x md-x lg-x y md-y lg-y\" id=\"image_972727032\">\n\t\t\t\t\t\t\t\t<div class=\"img-inner dark\" >\n\t\t\t<img loading=\"lazy\" decoding=\"async\" width=\"1066\" height=\"534\" src=\"https:\/\/piazzaforte.com\/wp-content\/uploads\/2024\/02\/0B0A0262-F-35.jpg\" class=\"attachment-original size-original\" alt=\"\" srcset=\"https:\/\/piazzaforte.com\/wp-content\/uploads\/2024\/02\/0B0A0262-F-35.jpg 1066w, https:\/\/piazzaforte.com\/wp-content\/uploads\/2024\/02\/0B0A0262-F-35-300x150.jpg 300w, https:\/\/piazzaforte.com\/wp-content\/uploads\/2024\/02\/0B0A0262-F-35-1024x513.jpg 1024w, https:\/\/piazzaforte.com\/wp-content\/uploads\/2024\/02\/0B0A0262-F-35-768x385.jpg 768w\" sizes=\"auto, (max-width: 1066px) 100vw, 1066px\" \/>\t\t\t\t\t\t\n\t\t\t\t\t<\/div>\n\t\t\t\t\t\t\t\t\n<style>\n#image_972727032 {\n  width: 100%;\n}\n@media (min-width:550px) {\n  #image_972727032 {\n    width: 100%;\n  }\n}\n<\/style>\n\t<\/div>\n\t\n\n\n<\/div><\/div>\n<div class=\"col grid-col small-12 large-8 grid-col-1-3 show-for-medium\" ><div class=\"col-inner\">\n\n\t<div class=\"img has-hover x md-x lg-x y md-y lg-y\" id=\"image_1735505842\">\n\t\t\t\t\t\t\t\t<div class=\"img-inner dark\" >\n\t\t\t<img loading=\"lazy\" decoding=\"async\" width=\"1066\" height=\"534\" src=\"https:\/\/piazzaforte.com\/wp-content\/uploads\/2024\/02\/0B0A0262-F-35.jpg\" class=\"attachment-original size-original\" alt=\"\" srcset=\"https:\/\/piazzaforte.com\/wp-content\/uploads\/2024\/02\/0B0A0262-F-35.jpg 1066w, https:\/\/piazzaforte.com\/wp-content\/uploads\/2024\/02\/0B0A0262-F-35-300x150.jpg 300w, https:\/\/piazzaforte.com\/wp-content\/uploads\/2024\/02\/0B0A0262-F-35-1024x513.jpg 1024w, https:\/\/piazzaforte.com\/wp-content\/uploads\/2024\/02\/0B0A0262-F-35-768x385.jpg 768w\" sizes=\"auto, (max-width: 1066px) 100vw, 1066px\" \/>\t\t\t\t\t\t\n\t\t\t\t\t<\/div>\n\t\t\t\t\t\t\t\t\n<style>\n#image_1735505842 {\n  width: 100%;\n}\n@media (min-width:550px) {\n  #image_1735505842 {\n    width: 100%;\n  }\n}\n<\/style>\n\t<\/div>\n\t\n\n\n<\/div><\/div>\n<div class=\"col grid-col small-12 large-4 grid-col-3-4\" ><div class=\"col-inner\">\n\n\n  <div class=\"banner has-hover\" id=\"banner-1108267676\">\n          <div class=\"banner-inner fill\">\n        <div class=\"banner-bg fill\" >\n                                                \n                    <\/div>\n\t\t\n        <div class=\"banner-layers container\">\n            <div class=\"fill banner-link\"><\/div>            \n\n   <div id=\"text-box-2130256051\" class=\"text-box banner-layer x10 md-x10 lg-x10 y5 md-y5 lg-y5 res-text\">\n                                <div class=\"text-box-content text \">\n              \n              <div class=\"text-inner text-left\">\n                  \n\n\t<div id=\"text-844231700\" class=\"text\">\n\t\t\n\n<p>Nach Abschluss der jeweiligen externen Bildungserfahrungen sind nun auch die S\u00f6hne <strong>Giuliano und Agostino <\/strong> an der Verwaltung der verschiedenen Familienaktivit\u00e4ten beteiligt, um eine ordnungsgem\u00e4\u00dfe Gesch\u00e4ftskontinuit\u00e4t zu gew\u00e4hrleisten.<\/p>\n<p>Ihre Herausforderung besteht im Wachstum der Marke, die Geschichte und Familienwerte aufnimmt, und in der Innovation der Unternehmenswerte, im Einklang mit den aktuellen Marktanforderungen, wobei auch soziale, \u00f6kologische und territoriale Entwicklungsinteressen abgefangen werden.<\/p>\n\t\t\n<style>\n#text-844231700 {\n  font-size: 1rem;\n  text-align: left;\n}\n<\/style>\n\t<\/div>\n\t\n\n              <\/div>\n           <\/div>\n                            \n<style>\n#text-box-2130256051 {\n  width: 74%;\n}\n#text-box-2130256051 .text-box-content {\n  font-size: 100%;\n}\n<\/style>\n    <\/div>\n \n\n        <\/div>\n      <\/div>\n\n            \n<style>\n#banner-1108267676 {\n  padding-top: 0px;\n  background-color: rgb(97, 194, 247);\n}\n<\/style>\n  <\/div>\n\n\n\n<\/div><\/div>\n<div class=\"col grid-col large-4 grid-col-1-2 hide-for-medium\" ><div class=\"col-inner\">\n\n\n  <div class=\"banner has-hover\" id=\"banner-458954967\">\n          <div class=\"banner-inner fill\">\n        <div class=\"banner-bg fill\" >\n                                                \n                    <\/div>\n\t\t\n        <div class=\"banner-layers container\">\n            <div class=\"fill banner-link\"><\/div>            \n\n   <div id=\"text-box-122277832\" class=\"text-box banner-layer x50 md-x50 lg-x50 y50 md-y50 lg-y50 res-text\">\n                                <div class=\"text-box-content text dark\">\n              \n              <div class=\"text-inner text-center\">\n                  \n\n\n              <\/div>\n           <\/div>\n                            \n<style>\n#text-box-122277832 {\n  width: 60%;\n}\n#text-box-122277832 .text-box-content {\n  font-size: 100%;\n}\n@media (min-width:550px) {\n  #text-box-122277832 {\n    width: 60%;\n  }\n}\n<\/style>\n    <\/div>\n \n\n        <\/div>\n      <\/div>\n\n            \n<style>\n#banner-458954967 {\n  padding-top: 500px;\n}\n<\/style>\n  <\/div>\n\n\n\n<\/div><\/div>\n<div class=\"col grid-col small-12 large-4 grid-col-1-2 hide-for-medium\" ><div class=\"col-inner\">\n\n\t<div class=\"img has-hover x md-x lg-x y md-y lg-y\" id=\"image_1831883601\">\n\t\t\t\t\t\t\t\t<div class=\"img-inner dark\" >\n\t\t\t<img loading=\"lazy\" decoding=\"async\" width=\"797\" height=\"399\" src=\"https:\/\/piazzaforte.com\/wp-content\/uploads\/2024\/03\/Raggruppa-27205.jpg\" class=\"attachment-original size-original\" alt=\"\" srcset=\"https:\/\/piazzaforte.com\/wp-content\/uploads\/2024\/03\/Raggruppa-27205.jpg 797w, https:\/\/piazzaforte.com\/wp-content\/uploads\/2024\/03\/Raggruppa-27205-300x150.jpg 300w, https:\/\/piazzaforte.com\/wp-content\/uploads\/2024\/03\/Raggruppa-27205-768x384.jpg 768w\" sizes=\"auto, (max-width: 797px) 100vw, 797px\" \/>\t\t\t\t\t\t\n\t\t\t\t\t<\/div>\n\t\t\t\t\t\t\t\t\n<style>\n#image_1831883601 {\n  width: 100%;\n}\n<\/style>\n\t<\/div>\n\t\n\n\n<\/div><\/div>\n<div class=\"col grid-col small-12 large-4 grid-col-1-3 show-for-medium\" ><div class=\"col-inner\">\n\n\t<div class=\"img has-hover x md-x lg-x y md-y lg-y\" id=\"image_835694617\">\n\t\t\t\t\t\t\t\t<div class=\"img-inner dark\" >\n\t\t\t<img loading=\"lazy\" decoding=\"async\" width=\"532\" height=\"267\" src=\"https:\/\/piazzaforte.com\/wp-content\/uploads\/2024\/02\/Raggruppa-27205.jpg\" class=\"attachment-original size-original\" alt=\"\" srcset=\"https:\/\/piazzaforte.com\/wp-content\/uploads\/2024\/02\/Raggruppa-27205.jpg 532w, https:\/\/piazzaforte.com\/wp-content\/uploads\/2024\/02\/Raggruppa-27205-300x151.jpg 300w\" sizes=\"auto, (max-width: 532px) 100vw, 532px\" \/>\t\t\t\t\t\t\n\t\t\t\t\t<\/div>\n\t\t\t\t\t\t\t\t\n<style>\n#image_835694617 {\n  width: 100%;\n}\n<\/style>\n\t<\/div>\n\t\n\n\n<\/div><\/div>\n<div class=\"col grid-col small-12 large-4 grid-col-1-2\" ><div class=\"col-inner\">\n\n\t<div class=\"img has-hover x md-x lg-x y md-y lg-y\" id=\"image_563076193\">\n\t\t\t\t\t\t\t\t<div class=\"img-inner dark\" >\n\t\t\t<img loading=\"lazy\" decoding=\"async\" width=\"534\" height=\"267\" src=\"https:\/\/piazzaforte.com\/wp-content\/uploads\/2024\/02\/0B0A0281-F-33-mr.jpg\" class=\"attachment-large size-large\" alt=\"\" srcset=\"https:\/\/piazzaforte.com\/wp-content\/uploads\/2024\/02\/0B0A0281-F-33-mr.jpg 534w, https:\/\/piazzaforte.com\/wp-content\/uploads\/2024\/02\/0B0A0281-F-33-mr-300x150.jpg 300w\" sizes=\"auto, (max-width: 534px) 100vw, 534px\" \/>\t\t\t\t\t\t\n\t\t\t\t\t<\/div>\n\t\t\t\t\t\t\t\t\n<style>\n#image_563076193 {\n  width: 100%;\n}\n<\/style>\n\t<\/div>\n\t\n\n\n<\/div><\/div>\n\n            <\/div>\n    <style>\n    #banner-grid-876598253 .grid-col-1{height: 600px}\n    #banner-grid-876598253 .grid-col-1-2{height: 300px}\n    #banner-grid-876598253 .grid-col-1-3{height:200px}\n    #banner-grid-876598253 .grid-col-2-3{height: 400px}\n    #banner-grid-876598253 .grid-col-1-4{height: 150px}\n    #banner-grid-876598253 .grid-col-3-4{height: 450px}\n\n\n    \n    \n\n  <\/style>\n    <\/div>\n  \n\n","protected":false},"excerpt":{"rendered":"","protected":false},"author":1,"featured_media":0,"parent":0,"menu_order":0,"comment_status":"closed","ping_status":"closed","template":"page-blank.php","meta":{"footnotes":""},"class_list":["post-1532","page","type-page","status-publish","hentry"],"_links":{"self":[{"href":"https:\/\/piazzaforte.com\/de\/wp-json\/wp\/v2\/pages\/1532","targetHints":{"allow":["GET"]}}],"collection":[{"href":"https:\/\/piazzaforte.com\/de\/wp-json\/wp\/v2\/pages"}],"about":[{"href":"https:\/\/piazzaforte.com\/de\/wp-json\/wp\/v2\/types\/page"}],"author":[{"embeddable":true,"href":"https:\/\/piazzaforte.com\/de\/wp-json\/wp\/v2\/users\/1"}],"replies":[{"embeddable":true,"href":"https:\/\/piazzaforte.com\/de\/wp-json\/wp\/v2\/comments?post=1532"}],"version-history":[{"count":2,"href":"https:\/\/piazzaforte.com\/de\/wp-json\/wp\/v2\/pages\/1532\/revisions"}],"predecessor-version":[{"id":1534,"href":"https:\/\/piazzaforte.com\/de\/wp-json\/wp\/v2\/pages\/1532\/revisions\/1534"}],"wp:attachment":[{"href":"https:\/\/piazzaforte.com\/de\/wp-json\/wp\/v2\/media?parent=1532"}],"curies":[{"name":"wp","href":"https:\/\/api.w.org\/{rel}","templated":true}]}}