{"id":1529,"date":"2024-01-26T13:47:12","date_gmt":"2024-01-26T12:47:12","guid":{"rendered":"https:\/\/piazzaforte.com\/asolo\/"},"modified":"2024-04-17T14:50:28","modified_gmt":"2024-04-17T12:50:28","slug":"asolo","status":"publish","type":"page","link":"https:\/\/piazzaforte.com\/de\/asolo\/","title":{"rendered":"Asolo"},"content":{"rendered":"\n\n\t<section class=\"section\" id=\"section_2029140350\">\n\t\t<div class=\"section-bg fill\" >\n\t\t\t\t\t\t\t\t\t\n\t\t\t\n\n\t\t<\/div>\n\n\t\t\n\n\t\t<div class=\"section-content relative\">\n\t\t\t\n\n<div class=\"row align-center\"  id=\"row-1787014958\">\n\n\n\t<div id=\"col-1491496616\" class=\"col medium-10 small-11 large-10\"  >\n\t\t\t\t<div class=\"col-inner\"  >\n\t\t\t\n\t\t\t\n\n\t<div id=\"text-1265123397\" class=\"text\">\n\t\t\n\n<p> <\/p>\n<h1><span data-text-color=\"primary\">Asolo<\/span><\/h1>\n<p><strong>Stadt mit hundert Horizonten, so Giosu\u00e8 Carducci, reich an Geschichte, Kunst und Kultur. <\/strong> Von der Spitze des H\u00fcgels mit Blick auf die Stadt erhebt sich die alte Milit\u00e4rfestung, die heute als Festung bekannt ist und von der aus Sie die gesamte umliegende Landschaft bewundern k\u00f6nnen, von den Dolomiten bis zur Ebene und ihrer h\u00fcgeligen Umgebung, zu der die Asolanischen H\u00fcgel und der Montello geh\u00f6ren.<br>Die Landschaft, die sich durch harmonische H\u00e4nge auszeichnet, umfasst Felsen, die von einem lehmig-melierten Boden bedeckt sind, und tr\u00e4gt so zu einer unverwechselbaren Artenvielfalt bei. Die Weine, insbesondere aus konglomerierten und fruchtbaren B\u00f6den, zeichnen sich durch intensive blumige und fruchtige Aromen aus, die von einer frischen S\u00e4ure und struktureller Eleganz begleitet werden.<\/p>\n\n\t\t\n<style>\n#text-1265123397 {\n  text-align: center;\n}\n<\/style>\n\t<\/div>\n\t\n\n\t\t<\/div>\n\t\t\t\t\t<\/div>\n\n\t\n\n<\/div>\n\n\t\t<\/div>\n\n\t\t\n<style>\n#section_2029140350 {\n  padding-top: 30px;\n  padding-bottom: 30px;\n}\n<\/style>\n\t<\/section>\n\t\n\n\t<section class=\"section has-parallax\" id=\"section_817951110\">\n\t\t<div class=\"section-bg fill\" data-parallax-container=\".section\" data-parallax-background data-parallax=\"-2\">\n\t\t\t<img loading=\"lazy\" decoding=\"async\" width=\"1600\" height=\"801\" src=\"https:\/\/piazzaforte.com\/wp-content\/uploads\/2024\/03\/DJI_0465-CPB-Maser-4-Agosto-2023.jpg\" class=\"bg attachment-original size-original\" alt=\"\" \/>\t\t\t\t\t\t\n\t\t\t\n\n\t\t<\/div>\n\n\t\t\n\n\t\t<div class=\"section-content relative\">\n\t\t\t\n\n\n\t\t<\/div>\n\n\t\t\n<style>\n#section_817951110 {\n  padding-top: 30px;\n  padding-bottom: 30px;\n  min-height: 200px;\n}\n@media (min-width:550px) {\n  #section_817951110 {\n    min-height: 800px;\n  }\n}\n<\/style>\n\t<\/section>\n\t\n\n\t<section class=\"section\" id=\"section_1269230163\">\n\t\t<div class=\"section-bg fill\" >\n\t\t\t\t\t\t\t\t\t\n\t\t\t\n\n\t\t<\/div>\n\n\t\t\n\n\t\t<div class=\"section-content relative\">\n\t\t\t\n\n<div class=\"row row-large align-middle align-center\"  id=\"row-1457794260\">\n\n\n\t<div id=\"col-674800158\" class=\"col medium-5 small-10 large-5\"  >\n\t\t\t\t<div class=\"col-inner\"  >\n\t\t\t\n\t\t\t\n\n\t<div class=\"img has-hover x md-x lg-x y md-y lg-y\" id=\"image_1375246272\">\n\t\t\t\t\t\t\t\t<div class=\"img-inner image-cover dark\" style=\"padding-top:100%;\">\n\t\t\t<img loading=\"lazy\" decoding=\"async\" width=\"728\" height=\"728\" src=\"https:\/\/piazzaforte.com\/wp-content\/uploads\/2024\/01\/Maser-Cantina-Belussi-Piazza-5-Aprile-2023.jpg\" class=\"attachment-large size-large\" alt=\"\" srcset=\"https:\/\/piazzaforte.com\/wp-content\/uploads\/2024\/01\/Maser-Cantina-Belussi-Piazza-5-Aprile-2023.jpg 728w, https:\/\/piazzaforte.com\/wp-content\/uploads\/2024\/01\/Maser-Cantina-Belussi-Piazza-5-Aprile-2023-300x300.jpg 300w, https:\/\/piazzaforte.com\/wp-content\/uploads\/2024\/01\/Maser-Cantina-Belussi-Piazza-5-Aprile-2023-150x150.jpg 150w\" sizes=\"auto, (max-width: 728px) 100vw, 728px\" \/>\t\t\t\t\t\t\n\t\t\t\t\t<\/div>\n\t\t\t\t\t\t\t\t\n<style>\n#image_1375246272 {\n  width: 100%;\n}\n<\/style>\n\t<\/div>\n\t\n\n\n\t\t<\/div>\n\t\t\t\t\t<\/div>\n\n\t\n\n\t<div id=\"col-153684911\" class=\"col medium-5 small-10 large-5\"  >\n\t\t\t\t<div class=\"col-inner text-left\"  >\n\t\t\t\n\t\t\t\n\n<div class=\"row row-collapse\"  id=\"row-1554505436\">\n\n\n\t<div id=\"col-1290378947\" class=\"col small-12 large-12\"  >\n\t\t\t\t<div class=\"col-inner\"  >\n\t\t\t\n\t\t\t\n\n\t<div class=\"img has-hover x md-x lg-x y md-y lg-y\" id=\"image_1146413263\">\n\t\t\t\t\t\t\t\t<div class=\"img-inner dark\" >\n\t\t\t<img loading=\"lazy\" decoding=\"async\" width=\"120\" height=\"100\" src=\"https:\/\/piazzaforte.com\/wp-content\/uploads\/2024\/01\/virgolette_aperte-1.png\" class=\"attachment-medium size-medium\" alt=\"\" \/>\t\t\t\t\t\t\n\t\t\t\t\t<\/div>\n\t\t\t\t\t\t\t\t\n<style>\n#image_1146413263 {\n  width: 13%;\n}\n<\/style>\n\t<\/div>\n\t\n\n\n\t\t<\/div>\n\t\t\t\t\t<\/div>\n\n\t\n\n<\/div>\n<h2>Un mosaico di colori e terre ricche di tesori nascosti, dove ogni dettaglio porta con s\u00e9 una storia millenaria di bellezza e tradizione<\/h2>\n\n<div class=\"row row-collapse align-right\"  id=\"row-1433433156\">\n\n\n\t<div id=\"col-1827852610\" class=\"col small-12 large-12\"  >\n\t\t\t\t<div class=\"col-inner text-right\"  >\n\t\t\t\n\t\t\t\n\n\t<div class=\"img has-hover x md-x lg-x y md-y lg-y\" id=\"image_531304644\">\n\t\t\t\t\t\t\t\t<div class=\"img-inner dark\" >\n\t\t\t<img loading=\"lazy\" decoding=\"async\" width=\"120\" height=\"100\" src=\"https:\/\/piazzaforte.com\/wp-content\/uploads\/2024\/01\/virgolette_aperte-1.png\" class=\"attachment-medium size-medium\" alt=\"\" \/>\t\t\t\t\t\t\n\t\t\t\t\t<\/div>\n\t\t\t\t\t\t\t\t\n<style>\n#image_531304644 {\n  width: 13%;\n}\n<\/style>\n\t<\/div>\n\t\n\n\n\t\t<\/div>\n\t\t\t\t\t<\/div>\n\n\t\n\n<\/div>\n\n\t\t<\/div>\n\t\t\t\t\t<\/div>\n\n\t\n\n<\/div>\n\n\t\t<\/div>\n\n\t\t\n<style>\n#section_1269230163 {\n  padding-top: 60px;\n  padding-bottom: 60px;\n  background-color: rgb(201, 167, 76);\n}\n<\/style>\n\t<\/section>\n\t\n  <div class=\"banner-grid-wrapper\">\n  <div id=\"banner-grid-1775107864\" class=\"banner-grid row row-grid row-collapse row-full-width\" data-packery-options=\"\">\n                      \n\n<div class=\"col grid-col small-12 large-4 grid-col-3-4\" ><div class=\"col-inner\">\n\n\t<div class=\"img has-hover x md-x lg-x y md-y lg-y\" id=\"image_1330739984\">\n\t\t\t\t\t\t\t\t<div class=\"img-inner dark\" >\n\t\t\t<img loading=\"lazy\" decoding=\"async\" width=\"533\" height=\"534\" src=\"https:\/\/piazzaforte.com\/wp-content\/uploads\/2024\/03\/0B0A7423-CPB-VL-72-2.jpg\" class=\"attachment-medium_large size-medium_large\" alt=\"\" srcset=\"https:\/\/piazzaforte.com\/wp-content\/uploads\/2024\/03\/0B0A7423-CPB-VL-72-2.jpg 533w, https:\/\/piazzaforte.com\/wp-content\/uploads\/2024\/03\/0B0A7423-CPB-VL-72-2-300x300.jpg 300w, https:\/\/piazzaforte.com\/wp-content\/uploads\/2024\/03\/0B0A7423-CPB-VL-72-2-150x150.jpg 150w\" sizes=\"auto, (max-width: 533px) 100vw, 533px\" \/>\t\t\t\t\t\t\n\t\t\t\t\t<\/div>\n\t\t\t\t\t\t\t\t\n<style>\n#image_1330739984 {\n  width: 100%;\n}\n@media (min-width:550px) {\n  #image_1330739984 {\n    width: 100%;\n  }\n}\n<\/style>\n\t<\/div>\n\t\n\n\n<\/div><\/div>\n<div class=\"col grid-col small-12 large-8 grid-col-3-4\" ><div class=\"col-inner\">\n\n\t<div class=\"img has-hover x md-x lg-x y md-y lg-y\" id=\"image_216007482\">\n\t\t\t\t\t\t\t\t<div class=\"img-inner dark\" >\n\t\t\t<img loading=\"lazy\" decoding=\"async\" width=\"1020\" height=\"510\" src=\"https:\/\/piazzaforte.com\/wp-content\/uploads\/2024\/01\/0B0A0359-CPB-Maser-9-Agosto-2023-mr-1024x512.jpg\" class=\"attachment-large size-large\" alt=\"\" srcset=\"https:\/\/piazzaforte.com\/wp-content\/uploads\/2024\/01\/0B0A0359-CPB-Maser-9-Agosto-2023-mr-1024x512.jpg 1024w, https:\/\/piazzaforte.com\/wp-content\/uploads\/2024\/01\/0B0A0359-CPB-Maser-9-Agosto-2023-mr-300x150.jpg 300w, https:\/\/piazzaforte.com\/wp-content\/uploads\/2024\/01\/0B0A0359-CPB-Maser-9-Agosto-2023-mr-768x384.jpg 768w, https:\/\/piazzaforte.com\/wp-content\/uploads\/2024\/01\/0B0A0359-CPB-Maser-9-Agosto-2023-mr.jpg 1067w\" sizes=\"auto, (max-width: 1020px) 100vw, 1020px\" \/>\t\t\t\t\t\t\n\t\t\t\t\t<\/div>\n\t\t\t\t\t\t\t\t\n<style>\n#image_216007482 {\n  width: 100%;\n}\n@media (min-width:550px) {\n  #image_216007482 {\n    width: 100%;\n  }\n}\n<\/style>\n\t<\/div>\n\t\n\n\n<\/div><\/div>\n<div class=\"col grid-col small-12 large-4 grid-col-3-4\" ><div class=\"col-inner\">\n\n\t<div class=\"img has-hover x md-x lg-x y md-y lg-y\" id=\"image_9619308\">\n\t\t\t\t\t\t\t\t<div class=\"img-inner dark\" >\n\t\t\t<img loading=\"lazy\" decoding=\"async\" width=\"532\" height=\"534\" src=\"https:\/\/piazzaforte.com\/wp-content\/uploads\/2024\/01\/DJI_0447-CPB-Maser-6-Agosto-2023.jpg\" class=\"attachment-medium_large size-medium_large\" alt=\"\" srcset=\"https:\/\/piazzaforte.com\/wp-content\/uploads\/2024\/01\/DJI_0447-CPB-Maser-6-Agosto-2023.jpg 532w, https:\/\/piazzaforte.com\/wp-content\/uploads\/2024\/01\/DJI_0447-CPB-Maser-6-Agosto-2023-300x300.jpg 300w, https:\/\/piazzaforte.com\/wp-content\/uploads\/2024\/01\/DJI_0447-CPB-Maser-6-Agosto-2023-150x150.jpg 150w\" sizes=\"auto, (max-width: 532px) 100vw, 532px\" \/>\t\t\t\t\t\t\n\t\t\t\t\t<\/div>\n\t\t\t\t\t\t\t\t\n<style>\n#image_9619308 {\n  width: 100%;\n}\n<\/style>\n\t<\/div>\n\t\n\n\n<\/div><\/div>\n<div class=\"col grid-col small-12 large-4 grid-col-3-4\" ><div class=\"col-inner\">\n\n\t<div class=\"img has-hover x md-x lg-x y md-y lg-y\" id=\"image_937596776\">\n\t\t\t\t\t\t\t\t<div class=\"img-inner dark\" >\n\t\t\t<img loading=\"lazy\" decoding=\"async\" width=\"534\" height=\"534\" src=\"https:\/\/piazzaforte.com\/wp-content\/uploads\/2024\/01\/VILLA-2.jpg\" class=\"attachment-large size-large\" alt=\"\" srcset=\"https:\/\/piazzaforte.com\/wp-content\/uploads\/2024\/01\/VILLA-2.jpg 534w, https:\/\/piazzaforte.com\/wp-content\/uploads\/2024\/01\/VILLA-2-300x300.jpg 300w, https:\/\/piazzaforte.com\/wp-content\/uploads\/2024\/01\/VILLA-2-150x150.jpg 150w\" sizes=\"auto, (max-width: 534px) 100vw, 534px\" \/>\t\t\t\t\t\t\n\t\t\t\t\t<\/div>\n\t\t\t\t\t\t\t\t\n<style>\n#image_937596776 {\n  width: 100%;\n}\n<\/style>\n\t<\/div>\n\t\n\n\n<\/div><\/div>\n<div class=\"col grid-col small-12 large-4 grid-col-3-4\" ><div class=\"col-inner\">\n\n\n  <div class=\"banner has-hover\" id=\"banner-699856317\">\n          <div class=\"banner-inner fill\">\n        <div class=\"banner-bg fill\" >\n                                                \n                    <\/div>\n\t\t\n        <div class=\"banner-layers container\">\n            <div class=\"fill banner-link\"><\/div>            \n\n   <div id=\"text-box-1648756523\" class=\"text-box banner-layer x10 md-x10 lg-x10 y5 md-y5 lg-y5 res-text\">\n                                <div class=\"text-box-content text \">\n              \n              <div class=\"text-inner text-left\">\n                  \n\n\t<div id=\"text-3870950866\" class=\"text\">\n\t\t\n\n<p>Sanfte H\u00e4nge und sanfte H\u00fcgel, in denen sich Weinberge befinden, die sich bis zum Horizont erstrecken. Die Majest\u00e4t von Asolo offenbart sich in jeder Kurve des Landes, mit Reihen von Reben, die der Landschaft folgen und mit dem umgebenden Horizont verschmelzen und ein zeitloses Szenario bieten, in dem sich der Weinbau mit der Geschichte verbindet.<\/p>\n<p>Ein Lob an die Natur und das menschliche K\u00f6nnen, bei dem jeder Schluck Wein eine Reise in das pulsierende Herz von Asolo ist. <\/p>\n\n\t\t\n<style>\n#text-3870950866 {\n  font-size: 1rem;\n  text-align: left;\n}\n<\/style>\n\t<\/div>\n\t\n\n              <\/div>\n           <\/div>\n                            \n<style>\n#text-box-1648756523 {\n  width: 79%;\n}\n#text-box-1648756523 .text-box-content {\n  font-size: 100%;\n}\n@media (min-width:550px) {\n  #text-box-1648756523 {\n    width: 74%;\n  }\n}\n<\/style>\n    <\/div>\n \n\n        <\/div>\n      <\/div>\n\n              <div class=\"height-fix is-invisible\"><\/div>\n            \n<style>\n#banner-699856317 {\n  background-color: rgb(97, 194, 247);\n}\n<\/style>\n  <\/div>\n\n\n\n<\/div><\/div>\n<div class=\"col grid-col large-4 grid-col-1-2 hide-for-small\" ><div class=\"col-inner\">\n\n\n  <div class=\"banner has-hover\" id=\"banner-2067388479\">\n          <div class=\"banner-inner fill\">\n        <div class=\"banner-bg fill\" >\n                                                \n                    <\/div>\n\t\t\n        <div class=\"banner-layers container\">\n            <div class=\"fill banner-link\"><\/div>            \n\n   <div id=\"text-box-339588163\" class=\"text-box banner-layer x50 md-x50 lg-x50 y50 md-y50 lg-y50 res-text\">\n                                <div class=\"text-box-content text dark\">\n              \n              <div class=\"text-inner text-center\">\n                  \n\n\n              <\/div>\n           <\/div>\n                            \n<style>\n#text-box-339588163 {\n  width: 60%;\n}\n#text-box-339588163 .text-box-content {\n  font-size: 100%;\n}\n@media (min-width:550px) {\n  #text-box-339588163 {\n    width: 60%;\n  }\n}\n<\/style>\n    <\/div>\n \n\n        <\/div>\n      <\/div>\n\n            \n<style>\n#banner-2067388479 {\n  padding-top: 500px;\n}\n<\/style>\n  <\/div>\n\n\n\n<\/div><\/div>\n<div class=\"col grid-col small-12 large-4 grid-col-1-2 hide-for-medium\" ><div class=\"col-inner\">\n\n\t<div class=\"img has-hover x md-x lg-x y md-y lg-y\" id=\"image_1378126958\">\n\t\t\t\t\t\t\t\t<div class=\"img-inner dark\" >\n\t\t\t<img loading=\"lazy\" decoding=\"async\" width=\"532\" height=\"267\" src=\"https:\/\/piazzaforte.com\/wp-content\/uploads\/2024\/01\/Raggruppa-27194.jpg\" class=\"attachment-large size-large\" alt=\"\" srcset=\"https:\/\/piazzaforte.com\/wp-content\/uploads\/2024\/01\/Raggruppa-27194.jpg 532w, https:\/\/piazzaforte.com\/wp-content\/uploads\/2024\/01\/Raggruppa-27194-300x151.jpg 300w\" sizes=\"auto, (max-width: 532px) 100vw, 532px\" \/>\t\t\t\t\t\t\n\t\t\t\t\t<\/div>\n\t\t\t\t\t\t\t\t\n<style>\n#image_1378126958 {\n  width: 100%;\n}\n<\/style>\n\t<\/div>\n\t\n\n\n<\/div><\/div>\n<div class=\"col grid-col small-12 large-4 grid-col-1-3 show-for-medium\" ><div class=\"col-inner\">\n\n\t<div class=\"img has-hover x md-x lg-x y md-y lg-y\" id=\"image_341526136\">\n\t\t\t\t\t\t\t\t<div class=\"img-inner dark\" >\n\t\t\t<img loading=\"lazy\" decoding=\"async\" width=\"532\" height=\"267\" src=\"https:\/\/piazzaforte.com\/wp-content\/uploads\/2024\/01\/Raggruppa-27194.jpg\" class=\"attachment-large size-large\" alt=\"\" srcset=\"https:\/\/piazzaforte.com\/wp-content\/uploads\/2024\/01\/Raggruppa-27194.jpg 532w, https:\/\/piazzaforte.com\/wp-content\/uploads\/2024\/01\/Raggruppa-27194-300x151.jpg 300w\" sizes=\"auto, (max-width: 532px) 100vw, 532px\" \/>\t\t\t\t\t\t\n\t\t\t\t\t<\/div>\n\t\t\t\t\t\t\t\t\n<style>\n#image_341526136 {\n  width: 100%;\n}\n<\/style>\n\t<\/div>\n\t\n\n\n<\/div><\/div>\n<div class=\"col grid-col small-12 large-4 grid-col-1-2 hide-for-medium\" ><div class=\"col-inner\">\n\n\t<div class=\"img has-hover x md-x lg-x y md-y lg-y\" id=\"image_1089572286\">\n\t\t\t\t\t\t\t\t<div class=\"img-inner dark\" >\n\t\t\t<img loading=\"lazy\" decoding=\"async\" width=\"532\" height=\"267\" src=\"https:\/\/piazzaforte.com\/wp-content\/uploads\/2024\/01\/Raggruppa-27195.jpg\" class=\"attachment-large size-large\" alt=\"\" srcset=\"https:\/\/piazzaforte.com\/wp-content\/uploads\/2024\/01\/Raggruppa-27195.jpg 532w, https:\/\/piazzaforte.com\/wp-content\/uploads\/2024\/01\/Raggruppa-27195-300x151.jpg 300w\" sizes=\"auto, (max-width: 532px) 100vw, 532px\" \/>\t\t\t\t\t\t\n\t\t\t\t\t<\/div>\n\t\t\t\t\t\t\t\t\n<style>\n#image_1089572286 {\n  width: 100%;\n}\n@media (min-width:550px) {\n  #image_1089572286 {\n    width: 100%;\n  }\n}\n<\/style>\n\t<\/div>\n\t\n\n\n<\/div><\/div>\n<div class=\"col grid-col small-12 large-4 grid-col-1-3 show-for-medium\" ><div class=\"col-inner\">\n\n\t<div class=\"img has-hover x md-x lg-x y md-y lg-y\" id=\"image_680777188\">\n\t\t\t\t\t\t\t\t<div class=\"img-inner dark\" >\n\t\t\t<img loading=\"lazy\" decoding=\"async\" width=\"532\" height=\"267\" src=\"https:\/\/piazzaforte.com\/wp-content\/uploads\/2024\/01\/Raggruppa-27195.jpg\" class=\"attachment-large size-large\" alt=\"\" srcset=\"https:\/\/piazzaforte.com\/wp-content\/uploads\/2024\/01\/Raggruppa-27195.jpg 532w, https:\/\/piazzaforte.com\/wp-content\/uploads\/2024\/01\/Raggruppa-27195-300x151.jpg 300w\" sizes=\"auto, (max-width: 532px) 100vw, 532px\" \/>\t\t\t\t\t\t\n\t\t\t\t\t<\/div>\n\t\t\t\t\t\t\t\t\n<style>\n#image_680777188 {\n  width: 100%;\n}\n@media (min-width:550px) {\n  #image_680777188 {\n    width: 100%;\n  }\n}\n<\/style>\n\t<\/div>\n\t\n\n\n<\/div><\/div>\n\n            <\/div>\n    <style>\n    #banner-grid-1775107864 .grid-col-1{height: 600px}\n    #banner-grid-1775107864 .grid-col-1-2{height: 300px}\n    #banner-grid-1775107864 .grid-col-1-3{height:200px}\n    #banner-grid-1775107864 .grid-col-2-3{height: 400px}\n    #banner-grid-1775107864 .grid-col-1-4{height: 150px}\n    #banner-grid-1775107864 .grid-col-3-4{height: 450px}\n\n\n    \n    \n\n  <\/style>\n    <\/div>\n  \n\n\n","protected":false},"excerpt":{"rendered":"","protected":false},"author":1,"featured_media":0,"parent":0,"menu_order":0,"comment_status":"closed","ping_status":"closed","template":"page-blank.php","meta":{"footnotes":""},"class_list":["post-1529","page","type-page","status-publish","hentry"],"_links":{"self":[{"href":"https:\/\/piazzaforte.com\/de\/wp-json\/wp\/v2\/pages\/1529","targetHints":{"allow":["GET"]}}],"collection":[{"href":"https:\/\/piazzaforte.com\/de\/wp-json\/wp\/v2\/pages"}],"about":[{"href":"https:\/\/piazzaforte.com\/de\/wp-json\/wp\/v2\/types\/page"}],"author":[{"embeddable":true,"href":"https:\/\/piazzaforte.com\/de\/wp-json\/wp\/v2\/users\/1"}],"replies":[{"embeddable":true,"href":"https:\/\/piazzaforte.com\/de\/wp-json\/wp\/v2\/comments?post=1529"}],"version-history":[{"count":2,"href":"https:\/\/piazzaforte.com\/de\/wp-json\/wp\/v2\/pages\/1529\/revisions"}],"predecessor-version":[{"id":1531,"href":"https:\/\/piazzaforte.com\/de\/wp-json\/wp\/v2\/pages\/1529\/revisions\/1531"}],"wp:attachment":[{"href":"https:\/\/piazzaforte.com\/de\/wp-json\/wp\/v2\/media?parent=1529"}],"curies":[{"name":"wp","href":"https:\/\/api.w.org\/{rel}","templated":true}]}}